{"id":10593,"date":"2024-04-22T14:02:35","date_gmt":"2024-04-22T14:02:35","guid":{"rendered":"https:\/\/www.hoteldespecheurs.com\/?page_id=10593"},"modified":"2024-07-31T09:31:25","modified_gmt":"2024-07-31T09:31:25","slug":"prestige","status":"publish","type":"page","link":"https:\/\/www.hoteldespecheurs.com\/fr\/offres\/prestige\/","title":{"rendered":"Prestige"},"content":{"rendered":"\t\t<div data-elementor-type=\"wp-page\" data-elementor-id=\"10593\" class=\"elementor elementor-10593\">\n\t\t\t\t\t\t<section class=\"elementor-section elementor-top-section elementor-element elementor-element-4c71b2a5 elementor-section-boxed elementor-section-height-default elementor-section-height-default\" data-id=\"4c71b2a5\" data-element_type=\"section\">\n\t\t\t\t\t\t<div class=\"elementor-container elementor-column-gap-default\">\n\t\t\t\t\t<div class=\"elementor-column elementor-col-100 elementor-top-column elementor-element elementor-element-40d991a3\" data-id=\"40d991a3\" data-element_type=\"column\">\n\t\t\t<div class=\"elementor-widget-wrap elementor-element-populated\">\n\t\t\t\t\t\t<div class=\"elementor-element elementor-element-168990c1 elementor-widget elementor-widget-heading\" data-id=\"168990c1\" data-element_type=\"widget\" data-widget_type=\"heading.default\">\n\t\t\t\t<div class=\"elementor-widget-container\">\n\t\t\t\t\t<h2 class=\"elementor-heading-title elementor-size-default\">LA PLUS BELLE VACANCE<br>AVEC HOTEL &amp; SPA DES P\u00caCHEURS<\/h2>\t\t\t\t<\/div>\n\t\t\t\t<\/div>\n\t\t\t\t<div class=\"elementor-element elementor-element-31472c2a elementor-widget elementor-widget-text-editor\" data-id=\"31472c2a\" data-element_type=\"widget\" data-widget_type=\"text-editor.default\">\n\t\t\t\t<div class=\"elementor-widget-container\">\n\t\t\t\t\t\t\t\t\t<p>Profitez des avantages exclusifs con\u00e7us<\/p>\n<p>pour vivre des vacances inoubliables en Corse. R\u00e9servez directement avec nous.<\/p>\n<p>Continuez \u00e0 lire pour en savoir plus.<\/p>\n\t\t\t\t\t\t\t\t<\/div>\n\t\t\t\t<\/div>\n\t\t\t\t\t<\/div>\n\t\t<\/div>\n\t\t\t\t\t<\/div>\n\t\t<\/section>\n\t\t\t\t<section class=\"elementor-section elementor-top-section elementor-element elementor-element-7ede482a elementor-section-boxed elementor-section-height-default elementor-section-height-default\" data-id=\"7ede482a\" data-element_type=\"section\" data-settings=\"{&quot;background_background&quot;:&quot;classic&quot;}\">\n\t\t\t\t\t\t<div class=\"elementor-container elementor-column-gap-default\">\n\t\t\t\t\t<div class=\"elementor-column elementor-col-50 elementor-top-column elementor-element elementor-element-a80fc60\" data-id=\"a80fc60\" data-element_type=\"column\">\n\t\t\t<div class=\"elementor-widget-wrap elementor-element-populated\">\n\t\t\t\t\t\t<div class=\"elementor-element elementor-element-3dd613f7 elementor-widget__width-initial elementor-view-default elementor-position-top elementor-invisible elementor-widget elementor-widget-themo-header\" data-id=\"3dd613f7\" data-element_type=\"widget\" data-settings=\"{&quot;_animation&quot;:&quot;fadeInLeft&quot;}\" data-widget_type=\"themo-header.default\">\n\t\t\t\t<div class=\"elementor-widget-container\">\n\t\t\t\t\t\t\t<div class=\"th-header-wrap\">\n        <div class=\"elementor-icon-box-wrapper \">\n                            <div class=\"elementor-icon-box-content\">\n                    <h2 class=\"elementor-icon-box-title\">\n                        Prestige                    <\/h2>\n                                        <p class=\"elementor-icon-box-description\">Une proposition con\u00e7ue pour les couples d\u00e9sirant des vacances luxueuses en harmonie.<\/p>\n\n                                            <div class=\"th-btn-wrap\">\n                                                            <a class=\"btn-1 btn th-btn btn-ghost-primary\" href=\"https:\/\/be.bookingexpert.it\/book\/offer\/details?rate=10036900&#038;layout=10018783&#038;lang=fr&#038;currency=EUR&#038;nsid=6109022a-e12b-48eb-ba3e-d5516da399ba&#038;searchId=9de96ea7-60f2-4967-bf39-d13481b3d6c3\" target=\"_blank\" rel=\"noopener\">\n                                                                            Reservez                                                                    <\/a>\n                            \n                                                    <\/div>\n                                    <\/div>\n            <\/div>\n\n        <\/div>\n\n\t\t\t\t\t\t<\/div>\n\t\t\t\t<\/div>\n\t\t\t\t\t<\/div>\n\t\t<\/div>\n\t\t\t\t<div class=\"elementor-column elementor-col-50 elementor-top-column elementor-element elementor-element-68ccf6c1\" data-id=\"68ccf6c1\" data-element_type=\"column\">\n\t\t\t<div class=\"elementor-widget-wrap\">\n\t\t\t\t\t\t\t<\/div>\n\t\t<\/div>\n\t\t\t\t\t<\/div>\n\t\t<\/section>\n\t\t\t\t<section class=\"elementor-section elementor-top-section elementor-element elementor-element-35ac35ad elementor-section-content-middle elementor-section-boxed elementor-section-height-default elementor-section-height-default\" data-id=\"35ac35ad\" data-element_type=\"section\">\n\t\t\t\t\t\t<div class=\"elementor-container elementor-column-gap-default\">\n\t\t\t\t\t<div class=\"elementor-column elementor-col-50 elementor-top-column elementor-element elementor-element-2b6f0d31\" data-id=\"2b6f0d31\" data-element_type=\"column\">\n\t\t\t<div class=\"elementor-widget-wrap elementor-element-populated\">\n\t\t\t\t\t\t<div class=\"elementor-element elementor-element-2a8648d elementor-widget elementor-widget-image\" data-id=\"2a8648d\" data-element_type=\"widget\" data-widget_type=\"image.default\">\n\t\t\t\t<div class=\"elementor-widget-container\">\n\t\t\t\t\t\t\t\t\t\t\t\t\t\t\t<img fetchpriority=\"high\" decoding=\"async\" width=\"1382\" height=\"922\" src=\"https:\/\/www.hoteldespecheurs.com\/wp-content\/uploads\/2021\/09\/U6A0638.jpg\" class=\"attachment-full size-full wp-image-7506\" alt=\"Restaurant sur l&#039;\u00eele de Cavallo vu depuis la mer\" srcset=\"https:\/\/www.hoteldespecheurs.com\/wp-content\/uploads\/2021\/09\/U6A0638.jpg 1382w, https:\/\/www.hoteldespecheurs.com\/wp-content\/uploads\/2021\/09\/U6A0638-300x200.jpg 300w, https:\/\/www.hoteldespecheurs.com\/wp-content\/uploads\/2021\/09\/U6A0638-1024x683.jpg 1024w, https:\/\/www.hoteldespecheurs.com\/wp-content\/uploads\/2021\/09\/U6A0638-768x512.jpg 768w, https:\/\/www.hoteldespecheurs.com\/wp-content\/uploads\/2021\/09\/U6A0638-150x100.jpg 150w, https:\/\/www.hoteldespecheurs.com\/wp-content\/uploads\/2021\/09\/U6A0638-120x80.jpg 120w, https:\/\/www.hoteldespecheurs.com\/wp-content\/uploads\/2021\/09\/U6A0638-394x263.jpg 394w, https:\/\/www.hoteldespecheurs.com\/wp-content\/uploads\/2021\/09\/U6A0638-915x610.jpg 915w, https:\/\/www.hoteldespecheurs.com\/wp-content\/uploads\/2021\/09\/U6A0638-1240x827.jpg 1240w\" sizes=\"(max-width: 1382px) 100vw, 1382px\" \/>\t\t\t\t\t\t\t\t\t\t\t\t\t\t\t<\/div>\n\t\t\t\t<\/div>\n\t\t\t\t\t<\/div>\n\t\t<\/div>\n\t\t\t\t<div class=\"elementor-column elementor-col-50 elementor-top-column elementor-element elementor-element-59e648e7\" data-id=\"59e648e7\" data-element_type=\"column\">\n\t\t\t<div class=\"elementor-widget-wrap elementor-element-populated\">\n\t\t\t\t\t\t<div class=\"elementor-element elementor-element-40c7f85b elementor-view-default elementor-position-top elementor-widget elementor-widget-themo-header\" data-id=\"40c7f85b\" data-element_type=\"widget\" data-widget_type=\"themo-header.default\">\n\t\t\t\t<div class=\"elementor-widget-container\">\n\t\t\t\t\t\t\t<div class=\"th-header-wrap\">\n        <div class=\"elementor-icon-box-wrapper \">\n                            <div class=\"elementor-icon-box-content\">\n                    <h2 class=\"elementor-icon-box-title\">\n                        Notre Proposition                    <\/h2>\n                                        <p class=\"elementor-icon-box-description\">\n<em>Le Forfait comprend :<\/em>\n\n\u2022 Petit-d\u00e9jeuner en chambre\n\u2022 1 ap\u00e9ritif sur la terrasse\n\u2022 2 traitements SPA de 50 minutes\n\u2022 Check-out tardif (sous r\u00e9serve de disponibilit\u00e9)\n\n<em>D\u00e9tails de l'offre :<\/em>\nOffre valable pour un s\u00e9jour minimum de 4 nuits en chambre Privilege Vue Mer\nOffre soumise \u00e0 disponibilit\u00e9 limit\u00e9e, non cumulable.\n\n<em>Conditions de paiement :<\/em>\n\u2022 Acompte de 30% du montant total du s\u00e9jour requis lors de la confirmation.\n\u2022 Solde requis au moment de l'enregistrement.<\/p>\n\n                                            <div class=\"th-btn-wrap\">\n                                                            <a class=\"btn-1 btn th-btn btn-ghost-primary\" href=\"https:\/\/be.bookingexpert.it\/book\/offer\/details?rate=10036900&#038;layout=10018783&#038;lang=fr&#038;currency=EUR&#038;nsid=6109022a-e12b-48eb-ba3e-d5516da399ba&#038;searchId=9de96ea7-60f2-4967-bf39-d13481b3d6c3\" target=\"_blank\" rel=\"noopener\">\n                                                                            Reservez                                                                    <\/a>\n                            \n                                                    <\/div>\n                                    <\/div>\n            <\/div>\n\n        <\/div>\n\n\t\t\t\t\t\t<\/div>\n\t\t\t\t<\/div>\n\t\t\t\t\t<\/div>\n\t\t<\/div>\n\t\t\t\t\t<\/div>\n\t\t<\/section>\n\t\t\t\t<\/div>\n\t\t","protected":false},"excerpt":{"rendered":"<p>LA PLUS BELLE VACANCEAVEC HOTEL &#038; SPA DES P\u00caCHEURS Profitez des avantages exclusifs con\u00e7us pour vivre des vacances inoubliables en Corse. R\u00e9servez directement avec nous. Continuez \u00e0 lire pour en savoir plus. Prestige Une proposition con\u00e7ue pour les couples d\u00e9sirant &hellip; <a href=\"https:\/\/www.hoteldespecheurs.com\/fr\/offres\/prestige\/\">Read More<\/a><\/p>\n","protected":false},"author":3,"featured_media":0,"parent":5488,"menu_order":0,"comment_status":"closed","ping_status":"closed","template":"","meta":{"footnotes":""},"class_list":["post-10593","page","type-page","status-publish","hentry"],"_links":{"self":[{"href":"https:\/\/www.hoteldespecheurs.com\/fr\/wp-json\/wp\/v2\/pages\/10593","targetHints":{"allow":["GET"]}}],"collection":[{"href":"https:\/\/www.hoteldespecheurs.com\/fr\/wp-json\/wp\/v2\/pages"}],"about":[{"href":"https:\/\/www.hoteldespecheurs.com\/fr\/wp-json\/wp\/v2\/types\/page"}],"author":[{"embeddable":true,"href":"https:\/\/www.hoteldespecheurs.com\/fr\/wp-json\/wp\/v2\/users\/3"}],"replies":[{"embeddable":true,"href":"https:\/\/www.hoteldespecheurs.com\/fr\/wp-json\/wp\/v2\/comments?post=10593"}],"version-history":[{"count":19,"href":"https:\/\/www.hoteldespecheurs.com\/fr\/wp-json\/wp\/v2\/pages\/10593\/revisions"}],"predecessor-version":[{"id":11583,"href":"https:\/\/www.hoteldespecheurs.com\/fr\/wp-json\/wp\/v2\/pages\/10593\/revisions\/11583"}],"up":[{"embeddable":true,"href":"https:\/\/www.hoteldespecheurs.com\/fr\/wp-json\/wp\/v2\/pages\/5488"}],"wp:attachment":[{"href":"https:\/\/www.hoteldespecheurs.com\/fr\/wp-json\/wp\/v2\/media?parent=10593"}],"curies":[{"name":"wp","href":"https:\/\/api.w.org\/{rel}","templated":true}]}}