{"id":13247,"date":"2025-02-27T11:47:59","date_gmt":"2025-02-27T11:47:59","guid":{"rendered":"https:\/\/www.hoteldespecheurs.com\/visite-guidee-de-bonifacio\/"},"modified":"2025-02-27T15:21:21","modified_gmt":"2025-02-27T15:21:21","slug":"visite-guidee-de-bonifacio","status":"publish","type":"page","link":"https:\/\/www.hoteldespecheurs.com\/fr\/experiences\/visite-guidee-de-bonifacio\/","title":{"rendered":"Visite Guid\u00e9e de Bonifacio"},"content":{"rendered":"\t\t<div data-elementor-type=\"wp-page\" data-elementor-id=\"13247\" class=\"elementor elementor-13247 elementor-13139\">\n\t\t\t\t\t\t<section class=\"elementor-section elementor-top-section elementor-element elementor-element-78c60e8 elementor-section-boxed elementor-section-height-default elementor-section-height-default\" data-id=\"78c60e8\" data-element_type=\"section\">\n\t\t\t\t\t\t<div class=\"elementor-container elementor-column-gap-default\">\n\t\t\t\t\t<div class=\"elementor-column elementor-col-100 elementor-top-column elementor-element elementor-element-2cb8e46\" data-id=\"2cb8e46\" data-element_type=\"column\">\n\t\t\t<div class=\"elementor-widget-wrap elementor-element-populated\">\n\t\t\t\t\t\t<div class=\"elementor-element elementor-element-405c08b elementor-widget elementor-widget-heading\" data-id=\"405c08b\" data-element_type=\"widget\" data-widget_type=\"heading.default\">\n\t\t\t\t<div class=\"elementor-widget-container\">\n\t\t\t\t\t<h2 class=\"elementor-heading-title elementor-size-default\">\u00c0 LA D\u00c9COUVERTE DE BONIFACIO<br>AVEC L\u2019H\u00d4TEL &amp; SPA DES P\u00caCHEURS<\/h2>\t\t\t\t<\/div>\n\t\t\t\t<\/div>\n\t\t\t\t<div class=\"elementor-element elementor-element-a8ff08d elementor-widget elementor-widget-text-editor\" data-id=\"a8ff08d\" data-element_type=\"widget\" data-widget_type=\"text-editor.default\">\n\t\t\t\t<div class=\"elementor-widget-container\">\n\t\t\t\t\t\t\t\t\t<p>Une journ\u00e9e d\u00e9di\u00e9e \u00e0 la visite d&#8217;une ville, patrimoine de la M\u00e9diterran\u00e9e.<\/p>\n\t\t\t\t\t\t\t\t<\/div>\n\t\t\t\t<\/div>\n\t\t\t\t\t<\/div>\n\t\t<\/div>\n\t\t\t\t\t<\/div>\n\t\t<\/section>\n\t\t\t\t<section class=\"elementor-section elementor-top-section elementor-element elementor-element-0a38181 animated-slow elementor-section-height-min-height elementor-section-boxed elementor-section-height-default elementor-section-items-middle elementor-invisible\" data-id=\"0a38181\" data-element_type=\"section\" data-settings=\"{&quot;background_background&quot;:&quot;classic&quot;,&quot;animation&quot;:&quot;fadeInUp&quot;,&quot;animation_delay&quot;:50}\">\n\t\t\t\t\t\t\t<div class=\"elementor-background-overlay\"><\/div>\n\t\t\t\t\t\t\t<div class=\"elementor-container elementor-column-gap-default\">\n\t\t\t\t\t<div class=\"elementor-column elementor-col-50 elementor-top-column elementor-element elementor-element-c6dad10\" data-id=\"c6dad10\" data-element_type=\"column\">\n\t\t\t<div class=\"elementor-widget-wrap elementor-element-populated\">\n\t\t\t\t\t\t<div class=\"elementor-element elementor-element-8ad609a elementor-widget__width-initial elementor-view-default elementor-position-top elementor-invisible elementor-widget elementor-widget-themo-header\" data-id=\"8ad609a\" data-element_type=\"widget\" data-settings=\"{&quot;_animation&quot;:&quot;fadeInLeft&quot;}\" data-widget_type=\"themo-header.default\">\n\t\t\t\t<div class=\"elementor-widget-container\">\n\t\t\t\t\t\t\t<div class=\"th-header-wrap\">\n        <div class=\"elementor-icon-box-wrapper \">\n                            <div class=\"elementor-icon-box-content\">\n                    <h2 class=\"elementor-icon-box-title\">\n                        Bonifacio - Corse du Sud                    <\/h2>\n                                        <p class=\"elementor-icon-box-description\">Se promener dans Bonifacio, c'est comme feuilleter les pages d'un livre d'histoire, chaque ruelle et monument racontant un pass\u00e9 riche et toujours pr\u00e9sent.<\/p>\n\n                                    <\/div>\n            <\/div>\n\n        <\/div>\n\n\t\t\t\t\t\t<\/div>\n\t\t\t\t<\/div>\n\t\t\t\t\t<\/div>\n\t\t<\/div>\n\t\t\t\t<div class=\"elementor-column elementor-col-50 elementor-top-column elementor-element elementor-element-539c738\" data-id=\"539c738\" data-element_type=\"column\">\n\t\t\t<div class=\"elementor-widget-wrap\">\n\t\t\t\t\t\t\t<\/div>\n\t\t<\/div>\n\t\t\t\t\t<\/div>\n\t\t<\/section>\n\t\t\t\t<section class=\"elementor-section elementor-top-section elementor-element elementor-element-6410fc7 elementor-section-content-middle animated-slow elementor-section-boxed elementor-section-height-default elementor-section-height-default elementor-invisible\" data-id=\"6410fc7\" data-element_type=\"section\" data-settings=\"{&quot;animation&quot;:&quot;fadeInUp&quot;,&quot;animation_delay&quot;:100}\">\n\t\t\t\t\t\t<div class=\"elementor-container elementor-column-gap-default\">\n\t\t\t\t\t<div class=\"elementor-column elementor-col-50 elementor-top-column elementor-element elementor-element-509b271\" data-id=\"509b271\" data-element_type=\"column\">\n\t\t\t<div class=\"elementor-widget-wrap elementor-element-populated\">\n\t\t\t\t\t\t<div class=\"elementor-element elementor-element-fde9efe animated-slow elementor-invisible elementor-widget elementor-widget-image\" data-id=\"fde9efe\" data-element_type=\"widget\" data-settings=\"{&quot;_animation&quot;:&quot;fadeIn&quot;,&quot;_animation_delay&quot;:30}\" data-widget_type=\"image.default\">\n\t\t\t\t<div class=\"elementor-widget-container\">\n\t\t\t\t\t\t\t\t\t\t\t\t\t\t\t<img fetchpriority=\"high\" decoding=\"async\" width=\"1080\" height=\"1350\" src=\"https:\/\/www.hoteldespecheurs.com\/wp-content\/uploads\/2025\/02\/1.jpg\" class=\"attachment-full size-full wp-image-13145\" alt=\"bonifacio\" srcset=\"https:\/\/www.hoteldespecheurs.com\/wp-content\/uploads\/2025\/02\/1.jpg 1080w, https:\/\/www.hoteldespecheurs.com\/wp-content\/uploads\/2025\/02\/1-240x300.jpg 240w, https:\/\/www.hoteldespecheurs.com\/wp-content\/uploads\/2025\/02\/1-819x1024.jpg 819w, https:\/\/www.hoteldespecheurs.com\/wp-content\/uploads\/2025\/02\/1-768x960.jpg 768w, https:\/\/www.hoteldespecheurs.com\/wp-content\/uploads\/2025\/02\/1-72x90.jpg 72w, https:\/\/www.hoteldespecheurs.com\/wp-content\/uploads\/2025\/02\/1-64x80.jpg 64w, https:\/\/www.hoteldespecheurs.com\/wp-content\/uploads\/2025\/02\/1-242x303.jpg 242w, https:\/\/www.hoteldespecheurs.com\/wp-content\/uploads\/2025\/02\/1-560x700.jpg 560w, https:\/\/www.hoteldespecheurs.com\/wp-content\/uploads\/2025\/02\/1-760x950.jpg 760w, https:\/\/www.hoteldespecheurs.com\/wp-content\/uploads\/2025\/02\/1-864x1080.jpg 864w\" sizes=\"(max-width: 1080px) 100vw, 1080px\" \/>\t\t\t\t\t\t\t\t\t\t\t\t\t\t\t<\/div>\n\t\t\t\t<\/div>\n\t\t\t\t<div class=\"elementor-element elementor-element-f6780cd elementor-widget elementor-widget-text-editor\" data-id=\"f6780cd\" data-element_type=\"widget\" data-widget_type=\"text-editor.default\">\n\t\t\t\t<div class=\"elementor-widget-container\">\n\t\t\t\t\t\t\t\t\t<p>Tu te prom\u00e8neras parmi d&#8217;anciennes \u00e9glises comme Saint-Jean-Baptiste et Sainte-Marie-Majeure, tu pourras admirer les maisons s\u00e9culaires de la <strong>vieille ville<\/strong> et visiter des lieux embl\u00e9matiques comme la Citerne de la Loggia et le suggestif Jardin des Vestiges, un v\u00e9ritable tr\u00e9sor cach\u00e9.<\/p>\n\t\t\t\t\t\t\t\t<\/div>\n\t\t\t\t<\/div>\n\t\t\t\t<div class=\"elementor-element elementor-element-24d9778 animated-slow elementor-invisible elementor-widget elementor-widget-image\" data-id=\"24d9778\" data-element_type=\"widget\" data-settings=\"{&quot;_animation&quot;:&quot;fadeIn&quot;,&quot;_animation_delay&quot;:30}\" data-widget_type=\"image.default\">\n\t\t\t\t<div class=\"elementor-widget-container\">\n\t\t\t\t\t\t\t\t\t\t\t\t\t\t\t<img decoding=\"async\" width=\"1080\" height=\"1350\" src=\"https:\/\/www.hoteldespecheurs.com\/wp-content\/uploads\/2025\/02\/3.jpg\" class=\"attachment-full size-full wp-image-13151\" alt=\"cattedrale-bonifacio\" srcset=\"https:\/\/www.hoteldespecheurs.com\/wp-content\/uploads\/2025\/02\/3.jpg 1080w, https:\/\/www.hoteldespecheurs.com\/wp-content\/uploads\/2025\/02\/3-240x300.jpg 240w, https:\/\/www.hoteldespecheurs.com\/wp-content\/uploads\/2025\/02\/3-819x1024.jpg 819w, https:\/\/www.hoteldespecheurs.com\/wp-content\/uploads\/2025\/02\/3-768x960.jpg 768w, https:\/\/www.hoteldespecheurs.com\/wp-content\/uploads\/2025\/02\/3-72x90.jpg 72w, https:\/\/www.hoteldespecheurs.com\/wp-content\/uploads\/2025\/02\/3-64x80.jpg 64w, https:\/\/www.hoteldespecheurs.com\/wp-content\/uploads\/2025\/02\/3-242x303.jpg 242w, https:\/\/www.hoteldespecheurs.com\/wp-content\/uploads\/2025\/02\/3-560x700.jpg 560w, https:\/\/www.hoteldespecheurs.com\/wp-content\/uploads\/2025\/02\/3-760x950.jpg 760w, https:\/\/www.hoteldespecheurs.com\/wp-content\/uploads\/2025\/02\/3-864x1080.jpg 864w\" sizes=\"(max-width: 1080px) 100vw, 1080px\" \/>\t\t\t\t\t\t\t\t\t\t\t\t\t\t\t<\/div>\n\t\t\t\t<\/div>\n\t\t\t\t\t<\/div>\n\t\t<\/div>\n\t\t\t\t<div class=\"elementor-column elementor-col-50 elementor-top-column elementor-element elementor-element-3650ea3\" data-id=\"3650ea3\" data-element_type=\"column\">\n\t\t\t<div class=\"elementor-widget-wrap elementor-element-populated\">\n\t\t\t\t\t\t<div class=\"elementor-element elementor-element-62349bc elementor-view-default elementor-position-top elementor-widget elementor-widget-themo-header\" data-id=\"62349bc\" data-element_type=\"widget\" data-widget_type=\"themo-header.default\">\n\t\t\t\t<div class=\"elementor-widget-container\">\n\t\t\t\t\t\t\t<div class=\"th-header-wrap\">\n        <div class=\"elementor-icon-box-wrapper \">\n                            <div class=\"elementor-icon-box-content\">\n                    <h2 class=\"elementor-icon-box-title\">\n                        La Visite Guid\u00e9e                    <\/h2>\n                                        <p class=\"elementor-icon-box-description\">Cette visite guid\u00e9e te m\u00e8nera au c\u0153ur de la citadelle m\u00e9di\u00e9vale, \u00e0 travers ses quartiers pisan, g\u00e9nois et fran\u00e7ais, r\u00e9v\u00e9lant les secrets d\u2019une ville suspendue au-dessus de la mer.  \r\n\r\nDe la majestueuse <b>Escalier du Roi d\u2019Aragon<\/b>, avec ses 187 marches taill\u00e9es dans la roche, jusqu\u2019\u00e0 l\u2019historique <b>Place Napol\u00e9on Bonaparte<\/b>, chaque recoin de Bonifacio est une r\u00e9v\u00e9lation.<\/p>\n\n                                            <div class=\"th-btn-wrap\">\n                                                            <a class=\"btn-1 btn th-btn btn-ghost-accent\" href=\"mailto:info@hoteldespecheurs.com\" target=\"_blank\">\n                                                                            Demander des informations                                                                    <\/a>\n                            \n                                                    <\/div>\n                                    <\/div>\n            <\/div>\n\n        <\/div>\n\n\t\t\t\t\t\t<\/div>\n\t\t\t\t<\/div>\n\t\t\t\t<div class=\"elementor-element elementor-element-0af91ed animated-slow elementor-invisible elementor-widget elementor-widget-image\" data-id=\"0af91ed\" data-element_type=\"widget\" data-settings=\"{&quot;_animation&quot;:&quot;fadeIn&quot;,&quot;_animation_delay&quot;:30}\" data-widget_type=\"image.default\">\n\t\t\t\t<div class=\"elementor-widget-container\">\n\t\t\t\t\t\t\t\t\t\t\t\t\t\t\t<img decoding=\"async\" width=\"1080\" height=\"1350\" src=\"https:\/\/www.hoteldespecheurs.com\/wp-content\/uploads\/2025\/02\/activite-bonifacio.jpg\" class=\"attachment-full size-full wp-image-13175\" alt=\"activite-bonifacio-ruelles\" srcset=\"https:\/\/www.hoteldespecheurs.com\/wp-content\/uploads\/2025\/02\/activite-bonifacio.jpg 1080w, https:\/\/www.hoteldespecheurs.com\/wp-content\/uploads\/2025\/02\/activite-bonifacio-240x300.jpg 240w, https:\/\/www.hoteldespecheurs.com\/wp-content\/uploads\/2025\/02\/activite-bonifacio-819x1024.jpg 819w, https:\/\/www.hoteldespecheurs.com\/wp-content\/uploads\/2025\/02\/activite-bonifacio-768x960.jpg 768w, https:\/\/www.hoteldespecheurs.com\/wp-content\/uploads\/2025\/02\/activite-bonifacio-72x90.jpg 72w, https:\/\/www.hoteldespecheurs.com\/wp-content\/uploads\/2025\/02\/activite-bonifacio-64x80.jpg 64w, https:\/\/www.hoteldespecheurs.com\/wp-content\/uploads\/2025\/02\/activite-bonifacio-242x303.jpg 242w, https:\/\/www.hoteldespecheurs.com\/wp-content\/uploads\/2025\/02\/activite-bonifacio-560x700.jpg 560w, https:\/\/www.hoteldespecheurs.com\/wp-content\/uploads\/2025\/02\/activite-bonifacio-760x950.jpg 760w, https:\/\/www.hoteldespecheurs.com\/wp-content\/uploads\/2025\/02\/activite-bonifacio-864x1080.jpg 864w\" sizes=\"(max-width: 1080px) 100vw, 1080px\" \/>\t\t\t\t\t\t\t\t\t\t\t\t\t\t\t<\/div>\n\t\t\t\t<\/div>\n\t\t\t\t<div class=\"elementor-element elementor-element-e3bb883 elementor-widget elementor-widget-text-editor\" data-id=\"e3bb883\" data-element_type=\"widget\" data-widget_type=\"text-editor.default\">\n\t\t\t\t<div class=\"elementor-widget-container\">\n\t\t\t\t\t\t\t\t\t<p><strong>La visite comprend :<\/strong> ville, citadelle, monuments historiques, histoire compl\u00e8te de Bonifacio :<\/p>\n<ul>\n<li>Quartier pisan, g\u00e9nois et fran\u00e7ais<\/li>\n<li>Escalier du Roi d\u2019Aragon : 187 marches<\/li>\n<li>Place Napol\u00e9on Bonaparte, \u00e9glise Saint-Jean-Baptiste ou Sainte-Croix, rues, ruelles, maisons de la vieille ville<\/li>\n<li>Citerne de la Loggia, \u00e9glise et loggia Sainte-Marie-Majeure, maison du Podestat, palais g\u00e9nois, clocher de l&#8217;\u00e9glise, r\u00e9serves de bl\u00e9 datant de l&#8217;\u00e9poque m\u00e9di\u00e9vale, point de vue sur la mer, les bouches de Bonifacio et la Sardaigne<\/li>\n<li>Ancienne place du march\u00e9, le grain de sable<\/li>\n<li>Jardin des Vestiges (\u00e9galement appel\u00e9 jardin arch\u00e9ologique ou jardin de la bombe)<\/li>\n<li>Porte de G\u00eanes avec son pont-levis, point de vue sur le port, bastion du pavillon avec les prisons<\/li>\n<li>Place d&#8217;Armes, la rue des deux empereurs<\/li>\n<\/ul>\n<p><strong>Dur\u00e9e :<\/strong> 2h30<\/p>\n<p><strong>Co\u00fbt :<\/strong> 250,00 \u20ac<\/p>\n\t\t\t\t\t\t\t\t<\/div>\n\t\t\t\t<\/div>\n\t\t\t\t\t<\/div>\n\t\t<\/div>\n\t\t\t\t\t<\/div>\n\t\t<\/section>\n\t\t\t\t<\/div>\n\t\t","protected":false},"excerpt":{"rendered":"<p>\u00c0 LA D\u00c9COUVERTE DE BONIFACIOAVEC L\u2019H\u00d4TEL &amp; SPA DES P\u00caCHEURS Une journ\u00e9e d\u00e9di\u00e9e \u00e0 la visite d&#8217;une ville, patrimoine de la M\u00e9diterran\u00e9e. Bonifacio &#8211; Corse du Sud Se promener dans Bonifacio, c&#8217;est comme feuilleter les pages d&#8217;un livre d&#8217;histoire, chaque &hellip; <a href=\"https:\/\/www.hoteldespecheurs.com\/fr\/experiences\/visite-guidee-de-bonifacio\/\">Read More<\/a><\/p>\n","protected":false},"author":3,"featured_media":0,"parent":13259,"menu_order":91,"comment_status":"closed","ping_status":"closed","template":"","meta":{"footnotes":""},"class_list":["post-13247","page","type-page","status-publish","hentry"],"_links":{"self":[{"href":"https:\/\/www.hoteldespecheurs.com\/fr\/wp-json\/wp\/v2\/pages\/13247","targetHints":{"allow":["GET"]}}],"collection":[{"href":"https:\/\/www.hoteldespecheurs.com\/fr\/wp-json\/wp\/v2\/pages"}],"about":[{"href":"https:\/\/www.hoteldespecheurs.com\/fr\/wp-json\/wp\/v2\/types\/page"}],"author":[{"embeddable":true,"href":"https:\/\/www.hoteldespecheurs.com\/fr\/wp-json\/wp\/v2\/users\/3"}],"replies":[{"embeddable":true,"href":"https:\/\/www.hoteldespecheurs.com\/fr\/wp-json\/wp\/v2\/comments?post=13247"}],"version-history":[{"count":1,"href":"https:\/\/www.hoteldespecheurs.com\/fr\/wp-json\/wp\/v2\/pages\/13247\/revisions"}],"predecessor-version":[{"id":13248,"href":"https:\/\/www.hoteldespecheurs.com\/fr\/wp-json\/wp\/v2\/pages\/13247\/revisions\/13248"}],"up":[{"embeddable":true,"href":"https:\/\/www.hoteldespecheurs.com\/fr\/wp-json\/wp\/v2\/pages\/13259"}],"wp:attachment":[{"href":"https:\/\/www.hoteldespecheurs.com\/fr\/wp-json\/wp\/v2\/media?parent=13247"}],"curies":[{"name":"wp","href":"https:\/\/api.w.org\/{rel}","templated":true}]}}