{"id":13255,"date":"2025-02-27T14:30:58","date_gmt":"2025-02-27T14:30:58","guid":{"rendered":"https:\/\/www.hoteldespecheurs.com\/bonifacio-oenogastronomique\/"},"modified":"2025-02-27T15:21:23","modified_gmt":"2025-02-27T15:21:23","slug":"bonifacio-oenogastronomique","status":"publish","type":"page","link":"https:\/\/www.hoteldespecheurs.com\/fr\/experiences\/bonifacio-oenogastronomique\/","title":{"rendered":"Bonifacio \u0153nogastronomique"},"content":{"rendered":"\t\t<div data-elementor-type=\"wp-page\" data-elementor-id=\"13255\" class=\"elementor elementor-13255 elementor-13202\">\n\t\t\t\t\t\t<section class=\"elementor-section elementor-top-section elementor-element elementor-element-78c60e8 elementor-section-boxed elementor-section-height-default elementor-section-height-default\" data-id=\"78c60e8\" data-element_type=\"section\">\n\t\t\t\t\t\t<div class=\"elementor-container elementor-column-gap-default\">\n\t\t\t\t\t<div class=\"elementor-column elementor-col-100 elementor-top-column elementor-element elementor-element-2cb8e46\" data-id=\"2cb8e46\" data-element_type=\"column\">\n\t\t\t<div class=\"elementor-widget-wrap elementor-element-populated\">\n\t\t\t\t\t\t<div class=\"elementor-element elementor-element-405c08b elementor-widget elementor-widget-heading\" data-id=\"405c08b\" data-element_type=\"widget\" data-widget_type=\"heading.default\">\n\t\t\t\t<div class=\"elementor-widget-container\">\n\t\t\t\t\t<h2 class=\"elementor-heading-title elementor-size-default\">D\u00c9GUSTATIONS TYPIQUES \u00c0 L'\u00c9PICERIE<br>AVEC HOTEL &amp; SPA DES PECHEURS<\/h2>\t\t\t\t<\/div>\n\t\t\t\t<\/div>\n\t\t\t\t<div class=\"elementor-element elementor-element-a8ff08d elementor-widget elementor-widget-text-editor\" data-id=\"a8ff08d\" data-element_type=\"widget\" data-widget_type=\"text-editor.default\">\n\t\t\t\t<div class=\"elementor-widget-container\">\n\t\t\t\t\t\t\t\t\t<p data-start=\"133\" data-end=\"228\">R\u00e9galez votre palais et votre \u00e2me \u00e0 la d\u00e9couverte des produits corses typiques.<\/p>\n<p><\/p>\n<p data-start=\"230\" data-end=\"267\" data-is-last-node=\"\" data-is-only-node=\"\">\n\t\t\t\t\t\t\t\t<\/div>\n\t\t\t\t<\/div>\n\t\t\t\t\t<\/div>\n\t\t<\/div>\n\t\t\t\t\t<\/div>\n\t\t<\/section>\n\t\t\t\t<section class=\"elementor-section elementor-top-section elementor-element elementor-element-0a38181 animated-slow elementor-section-height-min-height elementor-section-boxed elementor-section-height-default elementor-section-items-middle elementor-invisible\" data-id=\"0a38181\" data-element_type=\"section\" data-settings=\"{&quot;background_background&quot;:&quot;classic&quot;,&quot;animation&quot;:&quot;fadeInUp&quot;,&quot;animation_delay&quot;:50}\">\n\t\t\t\t\t\t\t<div class=\"elementor-background-overlay\"><\/div>\n\t\t\t\t\t\t\t<div class=\"elementor-container elementor-column-gap-default\">\n\t\t\t\t\t<div class=\"elementor-column elementor-col-50 elementor-top-column elementor-element elementor-element-c6dad10\" data-id=\"c6dad10\" data-element_type=\"column\">\n\t\t\t<div class=\"elementor-widget-wrap elementor-element-populated\">\n\t\t\t\t\t\t<div class=\"elementor-element elementor-element-8ad609a elementor-widget__width-initial elementor-view-default elementor-position-top elementor-invisible elementor-widget elementor-widget-themo-header\" data-id=\"8ad609a\" data-element_type=\"widget\" data-settings=\"{&quot;_animation&quot;:&quot;fadeInLeft&quot;}\" data-widget_type=\"themo-header.default\">\n\t\t\t\t<div class=\"elementor-widget-container\">\n\t\t\t\t\t\t\t<div class=\"th-header-wrap\">\n        <div class=\"elementor-icon-box-wrapper \">\n                            <div class=\"elementor-icon-box-content\">\n                    <h2 class=\"elementor-icon-box-title\">\n                        Bonifacio \u0153nogastronomique                    <\/h2>\n                                        <p class=\"elementor-icon-box-description\"><p data-start=\"133\" data-end=\"228\">R\u00e9galez votre palais et votre \u00e2me \u00e0 la d\u00e9couverte des produits corses typiques.<\/p><br><p data-start=\"230\" data-end=\"267\" data-is-last-node=\"\" data-is-only-node=\"\"><\/p><\/p>\n\n                                    <\/div>\n            <\/div>\n\n        <\/div>\n\n\t\t\t\t\t\t<\/div>\n\t\t\t\t<\/div>\n\t\t\t\t\t<\/div>\n\t\t<\/div>\n\t\t\t\t<div class=\"elementor-column elementor-col-50 elementor-top-column elementor-element elementor-element-539c738\" data-id=\"539c738\" data-element_type=\"column\">\n\t\t\t<div class=\"elementor-widget-wrap\">\n\t\t\t\t\t\t\t<\/div>\n\t\t<\/div>\n\t\t\t\t\t<\/div>\n\t\t<\/section>\n\t\t\t\t<section class=\"elementor-section elementor-top-section elementor-element elementor-element-6410fc7 elementor-section-content-middle animated-slow elementor-section-boxed elementor-section-height-default elementor-section-height-default elementor-invisible\" data-id=\"6410fc7\" data-element_type=\"section\" data-settings=\"{&quot;animation&quot;:&quot;fadeInUp&quot;,&quot;animation_delay&quot;:100}\">\n\t\t\t\t\t\t<div class=\"elementor-container elementor-column-gap-default\">\n\t\t\t\t\t<div class=\"elementor-column elementor-col-50 elementor-top-column elementor-element elementor-element-509b271\" data-id=\"509b271\" data-element_type=\"column\">\n\t\t\t<div class=\"elementor-widget-wrap elementor-element-populated\">\n\t\t\t\t\t\t<div class=\"elementor-element elementor-element-fde9efe animated-slow elementor-invisible elementor-widget elementor-widget-image\" data-id=\"fde9efe\" data-element_type=\"widget\" data-settings=\"{&quot;_animation&quot;:&quot;fadeIn&quot;,&quot;_animation_delay&quot;:30}\" data-widget_type=\"image.default\">\n\t\t\t\t<div class=\"elementor-widget-container\">\n\t\t\t\t\t\t\t\t\t\t\t\t\t\t\t<img fetchpriority=\"high\" decoding=\"async\" width=\"600\" height=\"800\" src=\"https:\/\/www.hoteldespecheurs.com\/wp-content\/uploads\/2025\/02\/epicerie_corse_antigu_accueil_galerie5.jpg\" class=\"attachment-full size-full wp-image-13228\" alt=\"epicerie_corse_antigu_accueil_galerie\" srcset=\"https:\/\/www.hoteldespecheurs.com\/wp-content\/uploads\/2025\/02\/epicerie_corse_antigu_accueil_galerie5.jpg 600w, https:\/\/www.hoteldespecheurs.com\/wp-content\/uploads\/2025\/02\/epicerie_corse_antigu_accueil_galerie5-225x300.jpg 225w, https:\/\/www.hoteldespecheurs.com\/wp-content\/uploads\/2025\/02\/epicerie_corse_antigu_accueil_galerie5-68x90.jpg 68w, https:\/\/www.hoteldespecheurs.com\/wp-content\/uploads\/2025\/02\/epicerie_corse_antigu_accueil_galerie5-60x80.jpg 60w, https:\/\/www.hoteldespecheurs.com\/wp-content\/uploads\/2025\/02\/epicerie_corse_antigu_accueil_galerie5-227x303.jpg 227w, https:\/\/www.hoteldespecheurs.com\/wp-content\/uploads\/2025\/02\/epicerie_corse_antigu_accueil_galerie5-525x700.jpg 525w\" sizes=\"(max-width: 600px) 100vw, 600px\" \/>\t\t\t\t\t\t\t\t\t\t\t\t\t\t\t<\/div>\n\t\t\t\t<\/div>\n\t\t\t\t<div class=\"elementor-element elementor-element-f6780cd elementor-widget elementor-widget-text-editor\" data-id=\"f6780cd\" data-element_type=\"widget\" data-widget_type=\"text-editor.default\">\n\t\t\t\t<div class=\"elementor-widget-container\">\n\t\t\t\t\t\t\t\t\t<p data-start=\"133\" data-end=\"228\">R\u00e9galez votre palais et votre \u00e2me \u00e0 la d\u00e9couverte des produits corses typiques.<\/p>\n<p><\/p>\n<p data-start=\"230\" data-end=\"267\" data-is-last-node=\"\" data-is-only-node=\"\">\n\t\t\t\t\t\t\t\t<\/div>\n\t\t\t\t<\/div>\n\t\t\t\t<div class=\"elementor-element elementor-element-24d9778 animated-slow elementor-invisible elementor-widget elementor-widget-image\" data-id=\"24d9778\" data-element_type=\"widget\" data-settings=\"{&quot;_animation&quot;:&quot;fadeIn&quot;,&quot;_animation_delay&quot;:30}\" data-widget_type=\"image.default\">\n\t\t\t\t<div class=\"elementor-widget-container\">\n\t\t\t\t\t\t\t\t\t\t\t\t\t\t\t<img decoding=\"async\" width=\"600\" height=\"800\" src=\"https:\/\/www.hoteldespecheurs.com\/wp-content\/uploads\/2025\/02\/epicerie_corse_antigu_accueil_galerie3.jpg\" class=\"attachment-full size-full wp-image-13225\" alt=\"epicerie_corse_antigu_accueil\" srcset=\"https:\/\/www.hoteldespecheurs.com\/wp-content\/uploads\/2025\/02\/epicerie_corse_antigu_accueil_galerie3.jpg 600w, https:\/\/www.hoteldespecheurs.com\/wp-content\/uploads\/2025\/02\/epicerie_corse_antigu_accueil_galerie3-225x300.jpg 225w, https:\/\/www.hoteldespecheurs.com\/wp-content\/uploads\/2025\/02\/epicerie_corse_antigu_accueil_galerie3-68x90.jpg 68w, https:\/\/www.hoteldespecheurs.com\/wp-content\/uploads\/2025\/02\/epicerie_corse_antigu_accueil_galerie3-60x80.jpg 60w, https:\/\/www.hoteldespecheurs.com\/wp-content\/uploads\/2025\/02\/epicerie_corse_antigu_accueil_galerie3-227x303.jpg 227w, https:\/\/www.hoteldespecheurs.com\/wp-content\/uploads\/2025\/02\/epicerie_corse_antigu_accueil_galerie3-525x700.jpg 525w\" sizes=\"(max-width: 600px) 100vw, 600px\" \/>\t\t\t\t\t\t\t\t\t\t\t\t\t\t\t<\/div>\n\t\t\t\t<\/div>\n\t\t\t\t\t<\/div>\n\t\t<\/div>\n\t\t\t\t<div class=\"elementor-column elementor-col-50 elementor-top-column elementor-element elementor-element-3650ea3\" data-id=\"3650ea3\" data-element_type=\"column\">\n\t\t\t<div class=\"elementor-widget-wrap elementor-element-populated\">\n\t\t\t\t\t\t<div class=\"elementor-element elementor-element-62349bc elementor-view-default elementor-position-top elementor-widget elementor-widget-themo-header\" data-id=\"62349bc\" data-element_type=\"widget\" data-widget_type=\"themo-header.default\">\n\t\t\t\t<div class=\"elementor-widget-container\">\n\t\t\t\t\t\t\t<div class=\"th-header-wrap\">\n        <div class=\"elementor-icon-box-wrapper \">\n                            <div class=\"elementor-icon-box-content\">\n                    <h2 class=\"elementor-icon-box-title\">\n                        L'\u00e9picerie \u00e0 Bonifacio                    <\/h2>\n                                        <p class=\"elementor-icon-box-description\"><p data-start=\"133\" data-end=\"228\">R\u00e9galez votre palais et votre \u00e2me \u00e0 la d\u00e9couverte des produits corses typiques.<\/p><br><p data-start=\"230\" data-end=\"267\" data-is-last-node=\"\" data-is-only-node=\"\"><\/p><\/p>\n\n                                            <div class=\"th-btn-wrap\">\n                                                            <a class=\"btn-1 btn th-btn btn-ghost-accent\" href=\"mailto:info@hoteldespecheurs.com\" target=\"_blank\">\n                                                                            Demander des informations                                                                    <\/a>\n                            \n                                                    <\/div>\n                                    <\/div>\n            <\/div>\n\n        <\/div>\n\n\t\t\t\t\t\t<\/div>\n\t\t\t\t<\/div>\n\t\t\t\t<div class=\"elementor-element elementor-element-0af91ed animated-slow elementor-invisible elementor-widget elementor-widget-image\" data-id=\"0af91ed\" data-element_type=\"widget\" data-settings=\"{&quot;_animation&quot;:&quot;fadeIn&quot;,&quot;_animation_delay&quot;:30}\" data-widget_type=\"image.default\">\n\t\t\t\t<div class=\"elementor-widget-container\">\n\t\t\t\t\t\t\t\t\t\t\t\t\t\t\t<img decoding=\"async\" width=\"765\" height=\"1020\" src=\"https:\/\/www.hoteldespecheurs.com\/wp-content\/uploads\/2025\/02\/2023-06-21.jpg\" class=\"attachment-full size-full wp-image-13213\" alt=\"epicerie-corse\" srcset=\"https:\/\/www.hoteldespecheurs.com\/wp-content\/uploads\/2025\/02\/2023-06-21.jpg 765w, https:\/\/www.hoteldespecheurs.com\/wp-content\/uploads\/2025\/02\/2023-06-21-225x300.jpg 225w, https:\/\/www.hoteldespecheurs.com\/wp-content\/uploads\/2025\/02\/2023-06-21-68x90.jpg 68w, https:\/\/www.hoteldespecheurs.com\/wp-content\/uploads\/2025\/02\/2023-06-21-60x80.jpg 60w, https:\/\/www.hoteldespecheurs.com\/wp-content\/uploads\/2025\/02\/2023-06-21-227x303.jpg 227w, https:\/\/www.hoteldespecheurs.com\/wp-content\/uploads\/2025\/02\/2023-06-21-605x806.jpg 605w, https:\/\/www.hoteldespecheurs.com\/wp-content\/uploads\/2025\/02\/2023-06-21-525x700.jpg 525w, https:\/\/www.hoteldespecheurs.com\/wp-content\/uploads\/2025\/02\/2023-06-21-713x950.jpg 713w\" sizes=\"(max-width: 765px) 100vw, 765px\" \/>\t\t\t\t\t\t\t\t\t\t\t\t\t\t\t<\/div>\n\t\t\t\t<\/div>\n\t\t\t\t<div class=\"elementor-element elementor-element-e3bb883 elementor-widget elementor-widget-text-editor\" data-id=\"e3bb883\" data-element_type=\"widget\" data-widget_type=\"text-editor.default\">\n\t\t\t\t<div class=\"elementor-widget-container\">\n\t\t\t\t\t\t\t\t\t<p data-start=\"133\" data-end=\"228\">R\u00e9galez votre palais et votre \u00e2me \u00e0 la d\u00e9couverte des produits corses typiques.<\/p>\n<p><\/p>\n<p data-start=\"230\" data-end=\"267\" data-is-last-node=\"\" data-is-only-node=\"\">\n\t\t\t\t\t\t\t\t<\/div>\n\t\t\t\t<\/div>\n\t\t\t\t<div class=\"elementor-element elementor-element-1d22082 elementor-widget elementor-widget-button\" data-id=\"1d22082\" data-element_type=\"widget\" data-widget_type=\"button.default\">\n\t\t\t\t<div class=\"elementor-widget-container\">\n\t\t\t\t\t\t\t\t\t<div class=\"elementor-button-wrapper\">\n\t\t\t\t\t<a class=\"elementor-button elementor-button-link elementor-size-sm\" href=\"mailto:info@hoteldespecheurs.com\">\n\t\t\t\t\t\t<span class=\"elementor-button-content-wrapper\">\n\t\t\t\t\t\t\t\t\t<span class=\"elementor-button-text\">Ecrivez-nous<\/span>\n\t\t\t\t\t<\/span>\n\t\t\t\t\t<\/a>\n\t\t\t\t<\/div>\n\t\t\t\t\t\t\t\t<\/div>\n\t\t\t\t<\/div>\n\t\t\t\t\t<\/div>\n\t\t<\/div>\n\t\t\t\t\t<\/div>\n\t\t<\/section>\n\t\t\t\t<\/div>\n\t\t","protected":false},"excerpt":{"rendered":"<p>D\u00c9GUSTATIONS TYPIQUES \u00c0 L&#8217;\u00c9PICERIEAVEC HOTEL &amp; SPA DES PECHEURS R\u00e9galez votre palais et votre \u00e2me \u00e0 la d\u00e9couverte des produits corses typiques. Bonifacio \u0153nogastronomique R\u00e9galez votre palais et votre \u00e2me \u00e0 la d\u00e9couverte des produits corses typiques. R\u00e9galez votre palais &hellip; <a href=\"https:\/\/www.hoteldespecheurs.com\/fr\/experiences\/bonifacio-oenogastronomique\/\">Read More<\/a><\/p>\n","protected":false},"author":3,"featured_media":13206,"parent":13259,"menu_order":91,"comment_status":"closed","ping_status":"closed","template":"","meta":{"footnotes":""},"class_list":["post-13255","page","type-page","status-publish","has-post-thumbnail","hentry"],"_links":{"self":[{"href":"https:\/\/www.hoteldespecheurs.com\/fr\/wp-json\/wp\/v2\/pages\/13255","targetHints":{"allow":["GET"]}}],"collection":[{"href":"https:\/\/www.hoteldespecheurs.com\/fr\/wp-json\/wp\/v2\/pages"}],"about":[{"href":"https:\/\/www.hoteldespecheurs.com\/fr\/wp-json\/wp\/v2\/types\/page"}],"author":[{"embeddable":true,"href":"https:\/\/www.hoteldespecheurs.com\/fr\/wp-json\/wp\/v2\/users\/3"}],"replies":[{"embeddable":true,"href":"https:\/\/www.hoteldespecheurs.com\/fr\/wp-json\/wp\/v2\/comments?post=13255"}],"version-history":[{"count":1,"href":"https:\/\/www.hoteldespecheurs.com\/fr\/wp-json\/wp\/v2\/pages\/13255\/revisions"}],"predecessor-version":[{"id":13256,"href":"https:\/\/www.hoteldespecheurs.com\/fr\/wp-json\/wp\/v2\/pages\/13255\/revisions\/13256"}],"up":[{"embeddable":true,"href":"https:\/\/www.hoteldespecheurs.com\/fr\/wp-json\/wp\/v2\/pages\/13259"}],"wp:featuredmedia":[{"embeddable":true,"href":"https:\/\/www.hoteldespecheurs.com\/fr\/wp-json\/wp\/v2\/media\/13206"}],"wp:attachment":[{"href":"https:\/\/www.hoteldespecheurs.com\/fr\/wp-json\/wp\/v2\/media?parent=13255"}],"curies":[{"name":"wp","href":"https:\/\/api.w.org\/{rel}","templated":true}]}}