{"id":13524,"date":"2025-04-17T12:21:22","date_gmt":"2025-04-17T12:21:22","guid":{"rendered":"https:\/\/www.hoteldespecheurs.com\/experiences\/bonifacio-polyphonique\/"},"modified":"2025-04-17T12:21:23","modified_gmt":"2025-04-17T12:21:23","slug":"bonifacio-polyphonique","status":"publish","type":"page","link":"https:\/\/www.hoteldespecheurs.com\/fr\/experiences\/bonifacio-polyphonique\/","title":{"rendered":"Bonifacio Polyphonique: concerts de mai \u00e0 septembre"},"content":{"rendered":"\t\t<div data-elementor-type=\"wp-page\" data-elementor-id=\"13524\" class=\"elementor elementor-13524 elementor-13351\">\n\t\t\t\t\t\t<section class=\"elementor-section elementor-top-section elementor-element elementor-element-78c60e8 elementor-section-boxed elementor-section-height-default elementor-section-height-default\" data-id=\"78c60e8\" data-element_type=\"section\">\n\t\t\t\t\t\t<div class=\"elementor-container elementor-column-gap-default\">\n\t\t\t\t\t<div class=\"elementor-column elementor-col-100 elementor-top-column elementor-element elementor-element-2cb8e46\" data-id=\"2cb8e46\" data-element_type=\"column\">\n\t\t\t<div class=\"elementor-widget-wrap elementor-element-populated\">\n\t\t\t\t\t\t<div class=\"elementor-element elementor-element-405c08b elementor-widget elementor-widget-heading\" data-id=\"405c08b\" data-element_type=\"widget\" data-widget_type=\"heading.default\">\n\t\t\t\t<div class=\"elementor-widget-container\">\n\t\t\t\t\t<h2 class=\"elementor-heading-title elementor-size-default\"><br>AVEC L\u2019H\u00d4TEL &amp; SPA DES P\u00caCHEURS<\/h2>\t\t\t\t<\/div>\n\t\t\t\t<\/div>\n\t\t\t\t<div class=\"elementor-element elementor-element-a8ff08d elementor-widget elementor-widget-text-editor\" data-id=\"a8ff08d\" data-element_type=\"widget\" data-widget_type=\"text-editor.default\">\n\t\t\t\t<div class=\"elementor-widget-container\">\n\t\t\t\t\t\t\t\t\t<p data-start=\"161\" data-end=\"219\">Pour une exp\u00e9rience polyphonique inoubliable.<\/p>\n\t\t\t\t\t\t\t\t<\/div>\n\t\t\t\t<\/div>\n\t\t\t\t\t<\/div>\n\t\t<\/div>\n\t\t\t\t\t<\/div>\n\t\t<\/section>\n\t\t\t\t<section class=\"elementor-section elementor-top-section elementor-element elementor-element-0a38181 animated-slow elementor-section-height-min-height elementor-section-boxed elementor-section-height-default elementor-section-items-middle elementor-invisible\" data-id=\"0a38181\" data-element_type=\"section\" data-settings=\"{&quot;background_background&quot;:&quot;classic&quot;,&quot;animation&quot;:&quot;fadeInUp&quot;,&quot;animation_delay&quot;:50}\">\n\t\t\t\t\t\t\t<div class=\"elementor-background-overlay\"><\/div>\n\t\t\t\t\t\t\t<div class=\"elementor-container elementor-column-gap-default\">\n\t\t\t\t\t<div class=\"elementor-column elementor-col-50 elementor-top-column elementor-element elementor-element-c6dad10\" data-id=\"c6dad10\" data-element_type=\"column\">\n\t\t\t<div class=\"elementor-widget-wrap elementor-element-populated\">\n\t\t\t\t\t\t<div class=\"elementor-element elementor-element-8ad609a elementor-widget__width-initial elementor-view-default elementor-position-top elementor-invisible elementor-widget elementor-widget-themo-header\" data-id=\"8ad609a\" data-element_type=\"widget\" data-settings=\"{&quot;_animation&quot;:&quot;fadeInLeft&quot;}\" data-widget_type=\"themo-header.default\">\n\t\t\t\t<div class=\"elementor-widget-container\">\n\t\t\t\t\t\t\t<div class=\"th-header-wrap\">\n        <div class=\"elementor-icon-box-wrapper \">\n                            <div class=\"elementor-icon-box-content\">\n                    <h2 class=\"elementor-icon-box-title\">\n                        Bonifacio Polyphonique                    <\/h2>\n                                        <p class=\"elementor-icon-box-description\">Nous voulons vous offrir une exp\u00e9rience sensorielle \u00e0 360\u00b0. D\u00e9couvrez les concerts polyphoniques \u00e0 Bonifacio.<\/p>\n\n                                    <\/div>\n            <\/div>\n\n        <\/div>\n\n\t\t\t\t\t\t<\/div>\n\t\t\t\t<\/div>\n\t\t\t\t\t<\/div>\n\t\t<\/div>\n\t\t\t\t<div class=\"elementor-column elementor-col-50 elementor-top-column elementor-element elementor-element-539c738\" data-id=\"539c738\" data-element_type=\"column\">\n\t\t\t<div class=\"elementor-widget-wrap\">\n\t\t\t\t\t\t\t<\/div>\n\t\t<\/div>\n\t\t\t\t\t<\/div>\n\t\t<\/section>\n\t\t\t\t<section class=\"elementor-section elementor-top-section elementor-element elementor-element-6410fc7 animated-slow elementor-section-boxed elementor-section-height-default elementor-section-height-default elementor-invisible\" data-id=\"6410fc7\" data-element_type=\"section\" data-settings=\"{&quot;animation&quot;:&quot;fadeInUp&quot;,&quot;animation_delay&quot;:100}\">\n\t\t\t\t\t\t<div class=\"elementor-container elementor-column-gap-default\">\n\t\t\t\t\t<div class=\"elementor-column elementor-col-50 elementor-top-column elementor-element elementor-element-509b271\" data-id=\"509b271\" data-element_type=\"column\">\n\t\t\t<div class=\"elementor-widget-wrap elementor-element-populated\">\n\t\t\t\t\t\t<div class=\"elementor-element elementor-element-1c7debf elementor-widget elementor-widget-video\" data-id=\"1c7debf\" data-element_type=\"widget\" data-settings=\"{&quot;youtube_url&quot;:&quot;https:\\\/\\\/youtu.be\\\/nJl1OB5UdFw?si=UvgKEEnnq1F4ZS_U&quot;,&quot;video_type&quot;:&quot;youtube&quot;,&quot;controls&quot;:&quot;yes&quot;}\" data-widget_type=\"video.default\">\n\t\t\t\t<div class=\"elementor-widget-container\">\n\t\t\t\t\t\t\t<div class=\"elementor-wrapper elementor-open-inline\">\n\t\t\t<div class=\"elementor-video\"><\/div>\t\t<\/div>\n\t\t\t\t\t\t<\/div>\n\t\t\t\t<\/div>\n\t\t\t\t<div class=\"elementor-element elementor-element-e3bb883 elementor-widget elementor-widget-text-editor\" data-id=\"e3bb883\" data-element_type=\"widget\" data-widget_type=\"text-editor.default\">\n\t\t\t\t<div class=\"elementor-widget-container\">\n\t\t\t\t\t\t\t\t\t<p data-start=\"492\" data-end=\"544\">Voici ce que Bonifacio vous r\u00e9serve :<\/p>\n<p class=\"\" data-start=\"545\" data-end=\"619\">Un concert de polyphonies corses, chaque lundi et jeudi soir en octobre.<\/p>\n<p class=\"\" data-start=\"621\" data-end=\"710\">Des concerts charg\u00e9s d\u2019\u00e9motion qui vous laisseront, sinc\u00e8rement, un souvenir inoubliable.<\/p>\n<p class=\"\" data-start=\"712\" data-end=\"857\"><strong data-start=\"712\" data-end=\"723\">Quand ?<\/strong><br data-start=\"723\" data-end=\"726\" \/>En mai, tous les jeudis \u00e0 19h00.<br data-start=\"758\" data-end=\"761\" \/>En juin, juillet et ao\u00fbt, tous les jeudis \u00e0 21h30.<br data-start=\"811\" data-end=\"814\" \/>En septembre, les lundis et jeudis \u00e0 21h30.<\/p>\n\t\t\t\t\t\t\t\t<\/div>\n\t\t\t\t<\/div>\n\t\t\t\t<div class=\"elementor-element elementor-element-1d22082 elementor-widget elementor-widget-button\" data-id=\"1d22082\" data-element_type=\"widget\" data-widget_type=\"button.default\">\n\t\t\t\t<div class=\"elementor-widget-container\">\n\t\t\t\t\t\t\t\t\t<div class=\"elementor-button-wrapper\">\n\t\t\t\t\t<a class=\"elementor-button elementor-button-link elementor-size-sm\" href=\"mailto:info@hoteldespecheurs.com\">\n\t\t\t\t\t\t<span class=\"elementor-button-content-wrapper\">\n\t\t\t\t\t\t\t\t\t<span class=\"elementor-button-text\">Ecrivez-nous<\/span>\n\t\t\t\t\t<\/span>\n\t\t\t\t\t<\/a>\n\t\t\t\t<\/div>\n\t\t\t\t\t\t\t\t<\/div>\n\t\t\t\t<\/div>\n\t\t\t\t\t<\/div>\n\t\t<\/div>\n\t\t\t\t<div class=\"elementor-column elementor-col-50 elementor-top-column elementor-element elementor-element-3650ea3\" data-id=\"3650ea3\" data-element_type=\"column\">\n\t\t\t<div class=\"elementor-widget-wrap elementor-element-populated\">\n\t\t\t\t\t\t<div class=\"elementor-element elementor-element-62349bc elementor-widget__width-initial elementor-view-default elementor-position-top elementor-widget elementor-widget-themo-header\" data-id=\"62349bc\" data-element_type=\"widget\" data-widget_type=\"themo-header.default\">\n\t\t\t\t<div class=\"elementor-widget-container\">\n\t\t\t\t\t\t\t<div class=\"th-header-wrap\">\n        <div class=\"elementor-icon-box-wrapper \">\n                            <div class=\"elementor-icon-box-content\">\n                    <h2 class=\"elementor-icon-box-title\">\n                        Concert Polyphonique                    <\/h2>\n                                        <p class=\"elementor-icon-box-description\">Entrez dans l\u2019\u00e9glise Saint-Dominique, asseyez-vous sur un banc, laissez-vous emporter par les voix d\u2019un temps lointain et vivez un voyage \u00e0 travers l\u2019histoire et la culture de notre \u00eele.<\/p>\n\n                                            <div class=\"th-btn-wrap\">\n                                                            <a class=\"btn-1 btn th-btn btn-ghost-accent\" href=\"https:\/\/bonifacio.fr\/offres\/les-jeudis-polyphoniques-de-bonifacio-bonifacio-fr-4244100\/\" target=\"_blank\" rel=\"noopener\">\n                                                                            Explorer                                                                    <\/a>\n                            \n                                                    <\/div>\n                                    <\/div>\n            <\/div>\n\n        <\/div>\n\n\t\t\t\t\t\t<\/div>\n\t\t\t\t<\/div>\n\t\t\t\t\t<\/div>\n\t\t<\/div>\n\t\t\t\t\t<\/div>\n\t\t<\/section>\n\t\t\t\t<\/div>\n\t\t","protected":false},"excerpt":{"rendered":"<p>AVEC L\u2019H\u00d4TEL &amp; SPA DES P\u00caCHEURS Pour une exp\u00e9rience polyphonique inoubliable. Bonifacio Polyphonique Nous voulons vous offrir une exp\u00e9rience sensorielle \u00e0 360\u00b0. D\u00e9couvrez les concerts polyphoniques \u00e0 Bonifacio. https:\/\/youtu.be\/nJl1OB5UdFw?si=UvgKEEnnq1F4ZS_U Voici ce que Bonifacio vous r\u00e9serve : Un concert de polyphonies &hellip; <a href=\"https:\/\/www.hoteldespecheurs.com\/fr\/experiences\/bonifacio-polyphonique\/\">Read More<\/a><\/p>\n","protected":false},"author":3,"featured_media":13356,"parent":13259,"menu_order":91,"comment_status":"closed","ping_status":"closed","template":"","meta":{"footnotes":""},"class_list":["post-13524","page","type-page","status-publish","has-post-thumbnail","hentry"],"_links":{"self":[{"href":"https:\/\/www.hoteldespecheurs.com\/fr\/wp-json\/wp\/v2\/pages\/13524","targetHints":{"allow":["GET"]}}],"collection":[{"href":"https:\/\/www.hoteldespecheurs.com\/fr\/wp-json\/wp\/v2\/pages"}],"about":[{"href":"https:\/\/www.hoteldespecheurs.com\/fr\/wp-json\/wp\/v2\/types\/page"}],"author":[{"embeddable":true,"href":"https:\/\/www.hoteldespecheurs.com\/fr\/wp-json\/wp\/v2\/users\/3"}],"replies":[{"embeddable":true,"href":"https:\/\/www.hoteldespecheurs.com\/fr\/wp-json\/wp\/v2\/comments?post=13524"}],"version-history":[{"count":1,"href":"https:\/\/www.hoteldespecheurs.com\/fr\/wp-json\/wp\/v2\/pages\/13524\/revisions"}],"predecessor-version":[{"id":13525,"href":"https:\/\/www.hoteldespecheurs.com\/fr\/wp-json\/wp\/v2\/pages\/13524\/revisions\/13525"}],"up":[{"embeddable":true,"href":"https:\/\/www.hoteldespecheurs.com\/fr\/wp-json\/wp\/v2\/pages\/13259"}],"wp:featuredmedia":[{"embeddable":true,"href":"https:\/\/www.hoteldespecheurs.com\/fr\/wp-json\/wp\/v2\/media\/13356"}],"wp:attachment":[{"href":"https:\/\/www.hoteldespecheurs.com\/fr\/wp-json\/wp\/v2\/media?parent=13524"}],"curies":[{"name":"wp","href":"https:\/\/api.w.org\/{rel}","templated":true}]}}