{"id":13554,"date":"2025-04-24T11:41:40","date_gmt":"2025-04-24T11:41:40","guid":{"rendered":"https:\/\/www.hoteldespecheurs.com\/offres-2\/relax-recharge\/"},"modified":"2025-10-27T13:25:20","modified_gmt":"2025-10-27T13:25:20","slug":"relax-recharge","status":"publish","type":"page","link":"https:\/\/www.hoteldespecheurs.com\/fr\/offres-2\/relax-recharge\/","title":{"rendered":"Relax &#038; Recharge"},"content":{"rendered":"\t\t<div data-elementor-type=\"wp-page\" data-elementor-id=\"13554\" class=\"elementor elementor-13554 elementor-10367\">\n\t\t\t\t\t\t<section class=\"elementor-section elementor-top-section elementor-element elementor-element-78c60e8 elementor-section-boxed elementor-section-height-default elementor-section-height-default\" data-id=\"78c60e8\" data-element_type=\"section\">\n\t\t\t\t\t\t<div class=\"elementor-container elementor-column-gap-default\">\n\t\t\t\t\t<div class=\"elementor-column elementor-col-100 elementor-top-column elementor-element elementor-element-2cb8e46\" data-id=\"2cb8e46\" data-element_type=\"column\">\n\t\t\t<div class=\"elementor-widget-wrap elementor-element-populated\">\n\t\t\t\t\t\t<div class=\"elementor-element elementor-element-405c08b elementor-widget elementor-widget-heading\" data-id=\"405c08b\" data-element_type=\"widget\" data-widget_type=\"heading.default\">\n\t\t\t\t<div class=\"elementor-widget-container\">\n\t\t\t\t\t<h2 class=\"elementor-heading-title elementor-size-default\">VOTRE VOYAGE D\u00c9TENTE<br>AVEC HOTEL &amp; SPA DES P\u00caCHEURS<\/h2>\t\t\t\t<\/div>\n\t\t\t\t<\/div>\n\t\t\t\t<div class=\"elementor-element elementor-element-a8ff08d elementor-widget elementor-widget-text-editor\" data-id=\"a8ff08d\" data-element_type=\"widget\" data-widget_type=\"text-editor.default\">\n\t\t\t\t<div class=\"elementor-widget-container\">\n\t\t\t\t\t\t\t\t\t<p class=\"\" data-start=\"109\" data-end=\"231\">Profitez des avantages exclusifs con\u00e7us<br data-start=\"148\" data-end=\"151\" \/>pour vivre des vacances inoubliables en Corse. R\u00e9servez directement avec nous.<\/p>\n<p><\/p>\n<p class=\"\" data-start=\"233\" data-end=\"277\">Continuez votre lecture pour en savoir plus.<\/p>\n\t\t\t\t\t\t\t\t<\/div>\n\t\t\t\t<\/div>\n\t\t\t\t\t<\/div>\n\t\t<\/div>\n\t\t\t\t\t<\/div>\n\t\t<\/section>\n\t\t\t\t<section class=\"elementor-section elementor-top-section elementor-element elementor-element-0a38181 elementor-section-full_width elementor-section-height-min-height elementor-section-height-default elementor-section-items-middle\" data-id=\"0a38181\" data-element_type=\"section\" data-settings=\"{&quot;background_background&quot;:&quot;classic&quot;}\">\n\t\t\t\t\t\t<div class=\"elementor-container elementor-column-gap-default\">\n\t\t\t\t\t<div class=\"elementor-column elementor-col-50 elementor-top-column elementor-element elementor-element-c6dad10\" data-id=\"c6dad10\" data-element_type=\"column\">\n\t\t\t<div class=\"elementor-widget-wrap elementor-element-populated\">\n\t\t\t\t\t\t<div class=\"elementor-element elementor-element-8ad609a elementor-widget__width-initial elementor-view-default elementor-position-top elementor-widget elementor-widget-themo-header\" data-id=\"8ad609a\" data-element_type=\"widget\" data-widget_type=\"themo-header.default\">\n\t\t\t\t<div class=\"elementor-widget-container\">\n\t\t\t\t\t\t\t<div class=\"th-header-wrap\">\n        <div class=\"elementor-icon-box-wrapper \">\n                            <div class=\"elementor-icon-box-content\">\n                    <h2 class=\"elementor-icon-box-title\">\n                        Relax and Recharge                    <\/h2>\n                                        <p class=\"elementor-icon-box-description\"><b>Le Forfait Spa R\u00e9g\u00e9n\u00e9rant<\/b><br><br>Profitez d\u2019une offre sp\u00e9ciale pour un s\u00e9jour plac\u00e9 sous le signe de la d\u00e9tente.<br><\/p>\n\n                                            <div class=\"th-btn-wrap\">\n                                                            <a class=\"btn-1 btn th-btn btn-ghost-primary\" href=\"https:\/\/booking.hoteldespecheurs.com\/book\/offer\/details?rate=10039036&#038;layout=10018783&#038;lang=it&#038;currency=EUR&#038;nsid=d282d3c9-0c12-4208-8d02-be77a016aa6c&#038;searchId=86b19851-3ef8-4ddb-b0f5-99d70e379d96\" target=\"_blank\">\n                                                                            R\u00e9servez                                                                    <\/a>\n                            \n                                                    <\/div>\n                                    <\/div>\n            <\/div>\n\n        <\/div>\n\n\t\t\t\t\t\t<\/div>\n\t\t\t\t<\/div>\n\t\t\t\t\t<\/div>\n\t\t<\/div>\n\t\t\t\t<div class=\"elementor-column elementor-col-50 elementor-top-column elementor-element elementor-element-bbabc25\" data-id=\"bbabc25\" data-element_type=\"column\">\n\t\t\t<div class=\"elementor-widget-wrap\">\n\t\t\t\t\t\t\t<\/div>\n\t\t<\/div>\n\t\t\t\t\t<\/div>\n\t\t<\/section>\n\t\t\t\t<section class=\"elementor-section elementor-top-section elementor-element elementor-element-6410fc7 elementor-section-content-middle elementor-section-boxed elementor-section-height-default elementor-section-height-default\" data-id=\"6410fc7\" data-element_type=\"section\">\n\t\t\t\t\t\t<div class=\"elementor-container elementor-column-gap-default\">\n\t\t\t\t\t<div class=\"elementor-column elementor-col-50 elementor-top-column elementor-element elementor-element-3650ea3\" data-id=\"3650ea3\" data-element_type=\"column\">\n\t\t\t<div class=\"elementor-widget-wrap elementor-element-populated\">\n\t\t\t\t\t\t<div class=\"elementor-element elementor-element-62349bc elementor-view-default elementor-position-top elementor-widget elementor-widget-themo-header\" data-id=\"62349bc\" data-element_type=\"widget\" data-widget_type=\"themo-header.default\">\n\t\t\t\t<div class=\"elementor-widget-container\">\n\t\t\t\t\t\t\t<div class=\"th-header-wrap\">\n        <div class=\"elementor-icon-box-wrapper \">\n                            <div class=\"elementor-icon-box-content\">\n                    <h2 class=\"elementor-icon-box-title\">\n                        Notre Proposition                    <\/h2>\n                                        <p class=\"elementor-icon-box-description\"><em>Le forfait comprend :<\/em><br><br>\u2022 S\u00e9jour : 3 nuits avec petit-d\u00e9jeuner inclus, chambre Privil\u00e8ge Vue Mer  <br>\u2022 SPA : 2 massages de 30 minutes, acc\u00e8s \u00e0 l\u2019espace d\u00e9tente, sauna et jacuzzi  <br>\u2022 1 Ap\u00e9ritif du soir pour 2<br><br><em>D\u00e9tails de l\u2019offre :<\/em>  <br>Offre valable pour un s\u00e9jour minimum de 3 nuits.  <br>Promotion soumise \u00e0 disponibilit\u00e9 limit\u00e9e, non cumulable.<br><br><em>Conditions de paiement :<\/em>  <br>Acompte de 50 % du montant total du s\u00e9jour demand\u00e9 au moment de la confirmation. Non remboursable.<br><br>Horse haute saison.<br>Les tarifs et les offres sont soumis \u00e0 disponibilit\u00e9. Des conditions g\u00e9n\u00e9rales s'appliquent.<br><\/p>\n\n                                            <div class=\"th-btn-wrap\">\n                                                            <a class=\"btn-1 btn th-btn btn-standard-primary\" href=\"https:\/\/booking.hoteldespecheurs.com\/book\/offer\/details?rate=10039036&#038;layout=10018783&#038;lang=it&#038;currency=EUR&#038;nsid=d282d3c9-0c12-4208-8d02-be77a016aa6c&#038;searchId=86b19851-3ef8-4ddb-b0f5-99d70e379d96\" target=\"_blank\">\n                                                                            R\u00e9servez maintenant                                                                    <\/a>\n                            \n                                                    <\/div>\n                                    <\/div>\n            <\/div>\n\n        <\/div>\n\n\t\t\t\t\t\t<\/div>\n\t\t\t\t<\/div>\n\t\t\t\t\t<\/div>\n\t\t<\/div>\n\t\t\t\t<div class=\"elementor-column elementor-col-50 elementor-top-column elementor-element elementor-element-509b271\" data-id=\"509b271\" data-element_type=\"column\">\n\t\t\t<div class=\"elementor-widget-wrap elementor-element-populated\">\n\t\t\t\t\t\t<div class=\"elementor-element elementor-element-d0bb69f elementor-widget elementor-widget-image\" data-id=\"d0bb69f\" data-element_type=\"widget\" data-widget_type=\"image.default\">\n\t\t\t\t<div class=\"elementor-widget-container\">\n\t\t\t\t\t\t\t\t\t\t\t\t\t\t\t<img fetchpriority=\"high\" decoding=\"async\" width=\"1280\" height=\"801\" src=\"https:\/\/www.hoteldespecheurs.com\/wp-content\/uploads\/2024\/11\/DesPecheurs-11SPA.jpg\" class=\"attachment-full size-full wp-image-12144\" alt=\"\" srcset=\"https:\/\/www.hoteldespecheurs.com\/wp-content\/uploads\/2024\/11\/DesPecheurs-11SPA.jpg 1280w, https:\/\/www.hoteldespecheurs.com\/wp-content\/uploads\/2024\/11\/DesPecheurs-11SPA-300x188.jpg 300w, https:\/\/www.hoteldespecheurs.com\/wp-content\/uploads\/2024\/11\/DesPecheurs-11SPA-1024x641.jpg 1024w, https:\/\/www.hoteldespecheurs.com\/wp-content\/uploads\/2024\/11\/DesPecheurs-11SPA-768x481.jpg 768w, https:\/\/www.hoteldespecheurs.com\/wp-content\/uploads\/2024\/11\/DesPecheurs-11SPA-144x90.jpg 144w, https:\/\/www.hoteldespecheurs.com\/wp-content\/uploads\/2024\/11\/DesPecheurs-11SPA-128x80.jpg 128w, https:\/\/www.hoteldespecheurs.com\/wp-content\/uploads\/2024\/11\/DesPecheurs-11SPA-394x247.jpg 394w, https:\/\/www.hoteldespecheurs.com\/wp-content\/uploads\/2024\/11\/DesPecheurs-11SPA-915x573.jpg 915w, https:\/\/www.hoteldespecheurs.com\/wp-content\/uploads\/2024\/11\/DesPecheurs-11SPA-1240x776.jpg 1240w\" sizes=\"(max-width: 1280px) 100vw, 1280px\" \/>\t\t\t\t\t\t\t\t\t\t\t\t\t\t\t<\/div>\n\t\t\t\t<\/div>\n\t\t\t\t<div class=\"elementor-element elementor-element-fde9efe elementor-widget elementor-widget-image\" data-id=\"fde9efe\" data-element_type=\"widget\" data-widget_type=\"image.default\">\n\t\t\t\t<div class=\"elementor-widget-container\">\n\t\t\t\t\t\t\t\t\t\t\t\t\t\t\t<img decoding=\"async\" width=\"1280\" height=\"846\" src=\"https:\/\/www.hoteldespecheurs.com\/wp-content\/uploads\/2024\/11\/DesPecheurs-107SPA.jpg\" class=\"attachment-full size-full wp-image-12138\" alt=\"SPA_Miamo Lounge\" srcset=\"https:\/\/www.hoteldespecheurs.com\/wp-content\/uploads\/2024\/11\/DesPecheurs-107SPA.jpg 1280w, https:\/\/www.hoteldespecheurs.com\/wp-content\/uploads\/2024\/11\/DesPecheurs-107SPA-300x198.jpg 300w, https:\/\/www.hoteldespecheurs.com\/wp-content\/uploads\/2024\/11\/DesPecheurs-107SPA-1024x677.jpg 1024w, https:\/\/www.hoteldespecheurs.com\/wp-content\/uploads\/2024\/11\/DesPecheurs-107SPA-768x508.jpg 768w, https:\/\/www.hoteldespecheurs.com\/wp-content\/uploads\/2024\/11\/DesPecheurs-107SPA-136x90.jpg 136w, https:\/\/www.hoteldespecheurs.com\/wp-content\/uploads\/2024\/11\/DesPecheurs-107SPA-121x80.jpg 121w, https:\/\/www.hoteldespecheurs.com\/wp-content\/uploads\/2024\/11\/DesPecheurs-107SPA-394x260.jpg 394w, https:\/\/www.hoteldespecheurs.com\/wp-content\/uploads\/2024\/11\/DesPecheurs-107SPA-915x605.jpg 915w, https:\/\/www.hoteldespecheurs.com\/wp-content\/uploads\/2024\/11\/DesPecheurs-107SPA-1240x820.jpg 1240w\" sizes=\"(max-width: 1280px) 100vw, 1280px\" \/>\t\t\t\t\t\t\t\t\t\t\t\t\t\t\t<\/div>\n\t\t\t\t<\/div>\n\t\t\t\t\t<\/div>\n\t\t<\/div>\n\t\t\t\t\t<\/div>\n\t\t<\/section>\n\t\t\t\t<\/div>\n\t\t","protected":false},"excerpt":{"rendered":"<p>VOTRE VOYAGE D\u00c9TENTEAVEC HOTEL &amp; SPA DES P\u00caCHEURS Profitez des avantages exclusifs con\u00e7uspour vivre des vacances inoubliables en Corse. R\u00e9servez directement avec nous. Continuez votre lecture pour en savoir plus. Relax and Recharge Le Forfait Spa R\u00e9g\u00e9n\u00e9rant Profitez d\u2019une offre &hellip; <a href=\"https:\/\/www.hoteldespecheurs.com\/fr\/offres-2\/relax-recharge\/\">Read More<\/a><\/p>\n","protected":false},"author":3,"featured_media":0,"parent":12473,"menu_order":91,"comment_status":"closed","ping_status":"closed","template":"","meta":{"footnotes":""},"class_list":["post-13554","page","type-page","status-publish","hentry"],"_links":{"self":[{"href":"https:\/\/www.hoteldespecheurs.com\/fr\/wp-json\/wp\/v2\/pages\/13554","targetHints":{"allow":["GET"]}}],"collection":[{"href":"https:\/\/www.hoteldespecheurs.com\/fr\/wp-json\/wp\/v2\/pages"}],"about":[{"href":"https:\/\/www.hoteldespecheurs.com\/fr\/wp-json\/wp\/v2\/types\/page"}],"author":[{"embeddable":true,"href":"https:\/\/www.hoteldespecheurs.com\/fr\/wp-json\/wp\/v2\/users\/3"}],"replies":[{"embeddable":true,"href":"https:\/\/www.hoteldespecheurs.com\/fr\/wp-json\/wp\/v2\/comments?post=13554"}],"version-history":[{"count":14,"href":"https:\/\/www.hoteldespecheurs.com\/fr\/wp-json\/wp\/v2\/pages\/13554\/revisions"}],"predecessor-version":[{"id":14547,"href":"https:\/\/www.hoteldespecheurs.com\/fr\/wp-json\/wp\/v2\/pages\/13554\/revisions\/14547"}],"up":[{"embeddable":true,"href":"https:\/\/www.hoteldespecheurs.com\/fr\/wp-json\/wp\/v2\/pages\/12473"}],"wp:attachment":[{"href":"https:\/\/www.hoteldespecheurs.com\/fr\/wp-json\/wp\/v2\/media?parent=13554"}],"curies":[{"name":"wp","href":"https:\/\/api.w.org\/{rel}","templated":true}]}}