{"id":14446,"date":"2025-10-22T09:04:16","date_gmt":"2025-10-22T09:04:16","guid":{"rendered":"https:\/\/www.hoteldespecheurs.com\/offres-2\/sejour-romantique-lune-de-miel\/"},"modified":"2025-10-27T13:30:30","modified_gmt":"2025-10-27T13:30:30","slug":"sejour-romantique-lune-de-miel","status":"publish","type":"page","link":"https:\/\/www.hoteldespecheurs.com\/fr\/offres-2\/sejour-romantique-lune-de-miel\/","title":{"rendered":"Sejour Romantique sur L&#8217;Ile de Cavallo"},"content":{"rendered":"\t\t<div data-elementor-type=\"wp-page\" data-elementor-id=\"14446\" class=\"elementor elementor-14446 elementor-10387\">\n\t\t\t\t\t\t<section class=\"elementor-section elementor-top-section elementor-element elementor-element-78c60e8 elementor-section-boxed elementor-section-height-default elementor-section-height-default\" data-id=\"78c60e8\" data-element_type=\"section\">\n\t\t\t\t\t\t<div class=\"elementor-container elementor-column-gap-default\">\n\t\t\t\t\t<div class=\"elementor-column elementor-col-100 elementor-top-column elementor-element elementor-element-2cb8e46\" data-id=\"2cb8e46\" data-element_type=\"column\">\n\t\t\t<div class=\"elementor-widget-wrap elementor-element-populated\">\n\t\t\t\t\t\t<div class=\"elementor-element elementor-element-405c08b elementor-widget elementor-widget-heading\" data-id=\"405c08b\" data-element_type=\"widget\" data-widget_type=\"heading.default\">\n\t\t\t\t<div class=\"elementor-widget-container\">\n\t\t\t\t\t<h2 class=\"elementor-heading-title elementor-size-default\">VOTRE SEJOUR ROMANTIQUE<br>AVEC L\u2019H\u00d4TEL &amp; SPA DES P\u00caCHEURS<\/h2>\t\t\t\t<\/div>\n\t\t\t\t<\/div>\n\t\t\t\t<div class=\"elementor-element elementor-element-a8ff08d elementor-widget elementor-widget-text-editor\" data-id=\"a8ff08d\" data-element_type=\"widget\" data-widget_type=\"text-editor.default\">\n\t\t\t\t<div class=\"elementor-widget-container\">\n\t\t\t\t\t\t\t\t\t<p>Un s\u00e9jour que vous m\u00e9ritez vraiment.<\/p>\n\t\t\t\t\t\t\t\t<\/div>\n\t\t\t\t<\/div>\n\t\t\t\t\t<\/div>\n\t\t<\/div>\n\t\t\t\t\t<\/div>\n\t\t<\/section>\n\t\t\t\t<section class=\"elementor-section elementor-top-section elementor-element elementor-element-0a38181 animated-slow elementor-section-boxed elementor-section-height-default elementor-section-height-default elementor-invisible\" data-id=\"0a38181\" data-element_type=\"section\" data-settings=\"{&quot;background_background&quot;:&quot;classic&quot;,&quot;animation&quot;:&quot;fadeInUp&quot;,&quot;animation_delay&quot;:50}\">\n\t\t\t\t\t\t<div class=\"elementor-container elementor-column-gap-default\">\n\t\t\t\t\t<div class=\"elementor-column elementor-col-50 elementor-top-column elementor-element elementor-element-c6dad10\" data-id=\"c6dad10\" data-element_type=\"column\">\n\t\t\t<div class=\"elementor-widget-wrap elementor-element-populated\">\n\t\t\t\t\t\t<div class=\"elementor-element elementor-element-8ad609a elementor-widget__width-initial elementor-view-default elementor-position-top elementor-invisible elementor-widget elementor-widget-themo-header\" data-id=\"8ad609a\" data-element_type=\"widget\" data-settings=\"{&quot;_animation&quot;:&quot;fadeInLeft&quot;}\" data-widget_type=\"themo-header.default\">\n\t\t\t\t<div class=\"elementor-widget-container\">\n\t\t\t\t\t\t\t<div class=\"th-header-wrap\">\n        <div class=\"elementor-icon-box-wrapper \">\n                            <div class=\"elementor-icon-box-content\">\n                    <h2 class=\"elementor-icon-box-title\">\n                        S\u00e9jour Romantique                    <\/h2>\n                                        <p class=\"elementor-icon-box-description\">C\u00e9l\u00e9brez vous-m\u00eames dans le cadre splendide de l\u2019\u00eele de Cavallo, en collectionnant les moments les plus romantiques de votre histoire d\u2019amour.<\/p>\n\n                                            <div class=\"th-btn-wrap\">\n                                                            <a class=\"btn-1 btn th-btn btn-ghost-primary\" href=\"mailto:info@hoteldespecheurs.com\" target=\"_blank\">\n                                                                            R\u00e9servez                                                                    <\/a>\n                            \n                                                    <\/div>\n                                    <\/div>\n            <\/div>\n\n        <\/div>\n\n\t\t\t\t\t\t<\/div>\n\t\t\t\t<\/div>\n\t\t\t\t\t<\/div>\n\t\t<\/div>\n\t\t\t\t<div class=\"elementor-column elementor-col-50 elementor-top-column elementor-element elementor-element-539c738\" data-id=\"539c738\" data-element_type=\"column\">\n\t\t\t<div class=\"elementor-widget-wrap\">\n\t\t\t\t\t\t\t<\/div>\n\t\t<\/div>\n\t\t\t\t\t<\/div>\n\t\t<\/section>\n\t\t\t\t<section class=\"elementor-section elementor-top-section elementor-element elementor-element-6410fc7 elementor-section-content-middle animated-slow elementor-section-boxed elementor-section-height-default elementor-section-height-default elementor-invisible\" data-id=\"6410fc7\" data-element_type=\"section\" data-settings=\"{&quot;animation&quot;:&quot;fadeInUp&quot;,&quot;animation_delay&quot;:100}\">\n\t\t\t\t\t\t<div class=\"elementor-container elementor-column-gap-default\">\n\t\t\t\t\t<div class=\"elementor-column elementor-col-50 elementor-top-column elementor-element elementor-element-509b271\" data-id=\"509b271\" data-element_type=\"column\">\n\t\t\t<div class=\"elementor-widget-wrap elementor-element-populated\">\n\t\t\t\t\t\t<div class=\"elementor-element elementor-element-fde9efe animated-slow elementor-invisible elementor-widget elementor-widget-image\" data-id=\"fde9efe\" data-element_type=\"widget\" data-settings=\"{&quot;_animation&quot;:&quot;fadeIn&quot;,&quot;_animation_delay&quot;:30}\" data-widget_type=\"image.default\">\n\t\t\t\t<div class=\"elementor-widget-container\">\n\t\t\t\t\t\t\t\t\t\t\t\t\t\t\t<img fetchpriority=\"high\" decoding=\"async\" width=\"1280\" height=\"1920\" src=\"https:\/\/www.hoteldespecheurs.com\/wp-content\/uploads\/2025\/10\/Des-Pecheurs-2025-38.webp\" class=\"attachment-full size-full wp-image-14404\" alt=\"romantic-dinner-cavallo-island\" srcset=\"https:\/\/www.hoteldespecheurs.com\/wp-content\/uploads\/2025\/10\/Des-Pecheurs-2025-38.webp 1280w, https:\/\/www.hoteldespecheurs.com\/wp-content\/uploads\/2025\/10\/Des-Pecheurs-2025-38-200x300.webp 200w, https:\/\/www.hoteldespecheurs.com\/wp-content\/uploads\/2025\/10\/Des-Pecheurs-2025-38-683x1024.webp 683w, https:\/\/www.hoteldespecheurs.com\/wp-content\/uploads\/2025\/10\/Des-Pecheurs-2025-38-768x1152.webp 768w, https:\/\/www.hoteldespecheurs.com\/wp-content\/uploads\/2025\/10\/Des-Pecheurs-2025-38-1024x1536.webp 1024w, https:\/\/www.hoteldespecheurs.com\/wp-content\/uploads\/2025\/10\/Des-Pecheurs-2025-38-67x100.webp 67w, https:\/\/www.hoteldespecheurs.com\/wp-content\/uploads\/2025\/10\/Des-Pecheurs-2025-38-53x80.webp 53w, https:\/\/www.hoteldespecheurs.com\/wp-content\/uploads\/2025\/10\/Des-Pecheurs-2025-38-202x303.webp 202w, https:\/\/www.hoteldespecheurs.com\/wp-content\/uploads\/2025\/10\/Des-Pecheurs-2025-38-467x700.webp 467w, https:\/\/www.hoteldespecheurs.com\/wp-content\/uploads\/2025\/10\/Des-Pecheurs-2025-38-633x950.webp 633w, https:\/\/www.hoteldespecheurs.com\/wp-content\/uploads\/2025\/10\/Des-Pecheurs-2025-38-720x1080.webp 720w\" sizes=\"(max-width: 1280px) 100vw, 1280px\" \/>\t\t\t\t\t\t\t\t\t\t\t\t\t\t\t<\/div>\n\t\t\t\t<\/div>\n\t\t\t\t\t<\/div>\n\t\t<\/div>\n\t\t\t\t<div class=\"elementor-column elementor-col-50 elementor-top-column elementor-element elementor-element-3650ea3\" data-id=\"3650ea3\" data-element_type=\"column\">\n\t\t\t<div class=\"elementor-widget-wrap elementor-element-populated\">\n\t\t\t\t\t\t<div class=\"elementor-element elementor-element-62349bc elementor-view-default elementor-position-top elementor-widget elementor-widget-themo-header\" data-id=\"62349bc\" data-element_type=\"widget\" data-widget_type=\"themo-header.default\">\n\t\t\t\t<div class=\"elementor-widget-container\">\n\t\t\t\t\t\t\t<div class=\"th-header-wrap\">\n        <div class=\"elementor-icon-box-wrapper \">\n                            <div class=\"elementor-icon-box-content\">\n                    <h2 class=\"elementor-icon-box-title\">\n                        Notre Proposition                    <\/h2>\n                                        <p class=\"elementor-icon-box-description\"><em>Le Forfait Comprend :<\/em><br>\u2022 Accueil en chambre avec fleurs, champagne et fruits<br>\u2022 D\u00eener romantique sur le quai (r\u00e9servation obligatoire)<br>\u2022 S\u00e9jour de 4 nuits en chambre Privil\u00e8ge Vue Mer avec petit-d\u00e9jeuner<br><br><br><em>D\u00e9tails de l\u2019Offre :<\/em><br>Offre valable pour un s\u00e9jour minimum de 4 nuits<br>Offre soumise \u00e0 disponibilit\u00e9 limit\u00e9e, non cumulable.<br>Les activit\u00e9s non utilis\u00e9es ne sont pas remboursables.<br><br><br><em>Conditions de Paiement :<\/em><br>\u2022 Pr\u00e9paiement de 50 % du s\u00e9jour requis au moment de la confirmation.<br>\u2022 Non remboursable.<br><br>Horse haute saison.<br>Les tarifs et les offres sont soumis \u00e0 disponibilit\u00e9. Des conditions g\u00e9n\u00e9rales s'appliquent.<br><\/p>\n\n                                            <div class=\"th-btn-wrap\">\n                                                            <a class=\"btn-1 btn th-btn btn-ghost-accent\" href=\"mailto:info@hoteldespecheurs.com\" target=\"_blank\">\n                                                                            Contactez-nous                                                                    <\/a>\n                            \n                                                            <a class=\"btn-2 btn th-btn btn-standard-primary\" href=\"https:\/\/booking.hoteldespecheurs.com\/book\/offer\/details?rate=10038427&#038;layout=10018783&#038;lang=it&#038;currency=EUR&#038;nsid=016d25e0-ea54-4cae-8d93-705e336297e4&#038;_gl=1*cye4vf*_gcl_au*MzEwNjAzNzc2LjE3NTg1NDA3NjIuMTE0NTk0ODExOC4xNzYwOTQ2Njg0LjE3NjA5NDY2ODM.*_ga*MTIyOTk1MzI0LjE2ODc1MzE3Mjc.*_ga_4EM3C41SKT*czE3NjExMjI0MzkkbzU2NCRnMSR0MTc2MTEyMjU5NiRqNjAkbDAkaDEyOTMwNjIyNDY.\">\n                                                                            R\u00e9servez                                                                    <\/a>\n                                                    <\/div>\n                                    <\/div>\n            <\/div>\n\n        <\/div>\n\n\t\t\t\t\t\t<\/div>\n\t\t\t\t<\/div>\n\t\t\t\t\t<\/div>\n\t\t<\/div>\n\t\t\t\t\t<\/div>\n\t\t<\/section>\n\t\t\t\t<\/div>\n\t\t","protected":false},"excerpt":{"rendered":"<p>VOTRE SEJOUR ROMANTIQUEAVEC L\u2019H\u00d4TEL &amp; SPA DES P\u00caCHEURS Un s\u00e9jour que vous m\u00e9ritez vraiment. S\u00e9jour Romantique C\u00e9l\u00e9brez vous-m\u00eames dans le cadre splendide de l\u2019\u00eele de Cavallo, en collectionnant les moments les plus romantiques de votre histoire d\u2019amour. R\u00e9servez Notre Proposition &hellip; <a href=\"https:\/\/www.hoteldespecheurs.com\/fr\/offres-2\/sejour-romantique-lune-de-miel\/\">Read More<\/a><\/p>\n","protected":false},"author":3,"featured_media":0,"parent":12473,"menu_order":91,"comment_status":"closed","ping_status":"closed","template":"","meta":{"footnotes":""},"class_list":["post-14446","page","type-page","status-publish","hentry"],"_links":{"self":[{"href":"https:\/\/www.hoteldespecheurs.com\/fr\/wp-json\/wp\/v2\/pages\/14446","targetHints":{"allow":["GET"]}}],"collection":[{"href":"https:\/\/www.hoteldespecheurs.com\/fr\/wp-json\/wp\/v2\/pages"}],"about":[{"href":"https:\/\/www.hoteldespecheurs.com\/fr\/wp-json\/wp\/v2\/types\/page"}],"author":[{"embeddable":true,"href":"https:\/\/www.hoteldespecheurs.com\/fr\/wp-json\/wp\/v2\/users\/3"}],"replies":[{"embeddable":true,"href":"https:\/\/www.hoteldespecheurs.com\/fr\/wp-json\/wp\/v2\/comments?post=14446"}],"version-history":[{"count":2,"href":"https:\/\/www.hoteldespecheurs.com\/fr\/wp-json\/wp\/v2\/pages\/14446\/revisions"}],"predecessor-version":[{"id":14550,"href":"https:\/\/www.hoteldespecheurs.com\/fr\/wp-json\/wp\/v2\/pages\/14446\/revisions\/14550"}],"up":[{"embeddable":true,"href":"https:\/\/www.hoteldespecheurs.com\/fr\/wp-json\/wp\/v2\/pages\/12473"}],"wp:attachment":[{"href":"https:\/\/www.hoteldespecheurs.com\/fr\/wp-json\/wp\/v2\/media?parent=14446"}],"curies":[{"name":"wp","href":"https:\/\/api.w.org\/{rel}","templated":true}]}}