{"id":2504,"date":"2021-01-21T10:58:10","date_gmt":"2021-01-21T10:58:10","guid":{"rendered":"https:\/\/www.hoteldespecheurs.com\/spa\/"},"modified":"2026-04-07T14:32:40","modified_gmt":"2026-04-07T14:32:40","slug":"spa","status":"publish","type":"page","link":"https:\/\/www.hoteldespecheurs.com\/fr\/spa\/","title":{"rendered":"SPA"},"content":{"rendered":"\t\t<div data-elementor-type=\"wp-page\" data-elementor-id=\"2504\" class=\"elementor elementor-2504 elementor-1763\">\n\t\t\t\t\t\t<section class=\"elementor-section elementor-top-section elementor-element elementor-element-26003ad6 elementor-section-full_width elementor-section-height-full elementor-section-height-default elementor-section-items-middle\" data-id=\"26003ad6\" data-element_type=\"section\" data-settings=\"{&quot;background_background&quot;:&quot;classic&quot;}\">\n\t\t\t\t\t\t\t<div class=\"elementor-background-overlay\"><\/div>\n\t\t\t\t\t\t\t<div class=\"elementor-container elementor-column-gap-default\">\n\t\t\t\t\t<div class=\"elementor-column elementor-col-100 elementor-top-column elementor-element elementor-element-10727729\" data-id=\"10727729\" data-element_type=\"column\">\n\t\t\t<div class=\"elementor-widget-wrap elementor-element-populated\">\n\t\t\t\t\t\t<div class=\"elementor-element elementor-element-c974f66 elementor-widget elementor-widget-heading\" data-id=\"c974f66\" data-element_type=\"widget\" data-widget_type=\"heading.default\">\n\t\t\t\t<div class=\"elementor-widget-container\">\n\t\t\t\t\t<h1 class=\"elementor-heading-title elementor-size-default\">SPA et Bien Etre<\/h1>\t\t\t\t<\/div>\n\t\t\t\t<\/div>\n\t\t\t\t<div class=\"elementor-element elementor-element-ea183f3 elementor-hidden-desktop elementor-hidden-tablet elementor-hidden-mobile elementor-widget elementor-widget-heading\" data-id=\"ea183f3\" data-element_type=\"widget\" data-widget_type=\"heading.default\">\n\t\t\t\t<div class=\"elementor-widget-container\">\n\t\t\t\t\t<h1 class=\"elementor-heading-title elementor-size-default\">SPA &amp; Miamo Lounge<\/h1>\t\t\t\t<\/div>\n\t\t\t\t<\/div>\n\t\t\t\t<div class=\"elementor-element elementor-element-adeed0b elementor-hidden-desktop elementor-hidden-tablet elementor-hidden-mobile elementor-widget elementor-widget-text-editor\" data-id=\"adeed0b\" data-element_type=\"widget\" data-widget_type=\"text-editor.default\">\n\t\t\t\t<div class=\"elementor-widget-container\">\n\t\t\t\t\t\t\t\t\t<p style=\"color: #ffffff; text-align: center;\">La SPA des P\u00eacheurs est un lieu de renaissance et de d\u00e9tente o\u00f9 se ressourcer et se retrouver.<\/p><br>\t\t\t\t\t\t\t\t<\/div>\n\t\t\t\t<\/div>\n\t\t\t\t\t<\/div>\n\t\t<\/div>\n\t\t\t\t\t<\/div>\n\t\t<\/section>\n\t\t\t\t<section class=\"elementor-section elementor-top-section elementor-element elementor-element-139e070 elementor-section-boxed elementor-section-height-default elementor-section-height-default\" data-id=\"139e070\" data-element_type=\"section\">\n\t\t\t\t\t\t<div class=\"elementor-container elementor-column-gap-default\">\n\t\t\t\t\t<div class=\"elementor-column elementor-col-100 elementor-top-column elementor-element elementor-element-9623c6d\" data-id=\"9623c6d\" data-element_type=\"column\">\n\t\t\t<div class=\"elementor-widget-wrap elementor-element-populated\">\n\t\t\t\t\t\t<div class=\"elementor-element elementor-element-6105a04 elementor-widget elementor-widget-heading\" data-id=\"6105a04\" data-element_type=\"widget\" data-widget_type=\"heading.default\">\n\t\t\t\t<div class=\"elementor-widget-container\">\n\t\t\t\t\t<h2 class=\"elementor-heading-title elementor-size-default\">SPA des P\u00eacheurs: Enchantement m\u00e9diterran\u00e9en<\/h2>\t\t\t\t<\/div>\n\t\t\t\t<\/div>\n\t\t\t\t<div class=\"elementor-element elementor-element-22aad8c elementor-widget elementor-widget-text-editor\" data-id=\"22aad8c\" data-element_type=\"widget\" data-widget_type=\"text-editor.default\">\n\t\t\t\t<div class=\"elementor-widget-container\">\n\t\t\t\t\t\t\t\t\t<p style=\"text-align: center;\">Les protocoles appliqu\u00e9s dans notre SPA et <strong>Miamo Lounge<\/strong> suivent une logique s\u00e9quentielle, garantissant des r\u00e9sultats visibles et durables et accompagnant chaque h\u00f4te dans un v\u00e9ritable parcours de <em>healthy skin<\/em>, o\u00f9 efficacit\u00e9, s\u00e9curit\u00e9 et bien-\u00eatre s\u2019unissent pour offrir une exp\u00e9rience de beaut\u00e9 consciente.<\/p><br><p style=\"text-align: center;\">Abandonnez-vous \u00e0 une d\u00e9tente absolue gr\u00e2ce \u00e0 des soins de beaut\u00e9 et des massages personnalis\u00e9s.<\/p>\t\t\t\t\t\t\t\t<\/div>\n\t\t\t\t<\/div>\n\t\t\t\t<div class=\"elementor-element elementor-element-59530ec elementor-align-center elementor-widget elementor-widget-button\" data-id=\"59530ec\" data-element_type=\"widget\" data-widget_type=\"button.default\">\n\t\t\t\t<div class=\"elementor-widget-container\">\n\t\t\t\t\t\t\t\t\t<div class=\"elementor-button-wrapper\">\n\t\t\t\t\t<a class=\"elementor-button elementor-button-link elementor-size-sm\" href=\"https:\/\/www.hoteldespecheurs.com\/wp-content\/uploads\/2026\/04\/Brochure-SPA-2026-FR_compressed.pdf\" target=\"_blank\">\n\t\t\t\t\t\t<span class=\"elementor-button-content-wrapper\">\n\t\t\t\t\t\t\t\t\t<span class=\"elementor-button-text\">Menu SPA<\/span>\n\t\t\t\t\t<\/span>\n\t\t\t\t\t<\/a>\n\t\t\t\t<\/div>\n\t\t\t\t\t\t\t\t<\/div>\n\t\t\t\t<\/div>\n\t\t\t\t\t<\/div>\n\t\t<\/div>\n\t\t\t\t\t<\/div>\n\t\t<\/section>\n\t\t\t\t<section class=\"elementor-section elementor-top-section elementor-element elementor-element-38a88a6 elementor-section-boxed elementor-section-height-default elementor-section-height-default\" data-id=\"38a88a6\" data-element_type=\"section\">\n\t\t\t\t\t\t<div class=\"elementor-container elementor-column-gap-default\">\n\t\t\t\t\t<div class=\"elementor-column elementor-col-50 elementor-top-column elementor-element elementor-element-29a75620 elementor-hidden-tablet elementor-hidden-mobile\" data-id=\"29a75620\" data-element_type=\"column\" data-settings=\"{&quot;background_background&quot;:&quot;classic&quot;}\">\n\t\t\t<div class=\"elementor-widget-wrap\">\n\t\t\t\t\t\t\t<\/div>\n\t\t<\/div>\n\t\t\t\t<div class=\"elementor-column elementor-col-50 elementor-top-column elementor-element elementor-element-27e82eb\" data-id=\"27e82eb\" data-element_type=\"column\">\n\t\t\t<div class=\"elementor-widget-wrap elementor-element-populated\">\n\t\t\t\t\t\t<div class=\"elementor-element elementor-element-ea189a0 elementor-widget elementor-widget-heading\" data-id=\"ea189a0\" data-element_type=\"widget\" data-widget_type=\"heading.default\">\n\t\t\t\t<div class=\"elementor-widget-container\">\n\t\t\t\t\t<h2 class=\"elementor-heading-title elementor-size-default\">Miamo Lounge<\/h2>\t\t\t\t<\/div>\n\t\t\t\t<\/div>\n\t\t\t\t<div class=\"elementor-element elementor-element-0142d4f elementor-widget elementor-widget-text-editor\" data-id=\"0142d4f\" data-element_type=\"widget\" data-widget_type=\"text-editor.default\">\n\t\t\t\t<div class=\"elementor-widget-container\">\n\t\t\t\t\t\t\t\t\t<p style=\"text-align: left;\">Au <strong>SPA et Miamo Lounge<\/strong> de l\u2019H\u00f4tel des P\u00eacheurs, la philosophie du bien-\u00eatre rencontre la rigueur de la dermo-cosm\u00e9tique pharmaceutique. Nous avons choisi d\u2019utiliser les produits <a href=\"https:\/\/miamo.com\/\" target=\"_blank\" rel=\"noopener\">Miamo<\/a> car nous partageons pleinement leur <em>vision scientifique et leur approche fonctionnelle<\/em> du soin de la peau.<\/p> <p style=\"text-align: left;\">Chaque soin est con\u00e7u pour r\u00e9pondre de mani\u00e8re pr\u00e9cise et personnalis\u00e9e aux diff\u00e9rents besoins cutan\u00e9s, dans le respect de la physiologie de la peau \u00e0 chaque \u00e9tape de la vie.<\/p> <p style=\"text-align: left;\">Les formulations Miamo reposent sur des principes actifs s\u00e9lectionn\u00e9s, s\u00fbrs, brevet\u00e9s et cliniquement test\u00e9s, exempts de substances allergisantes courantes et contr\u00f4l\u00e9s pour leur teneur en nickel, garantissant ainsi une tol\u00e9rance maximale, y compris pour les peaux les plus sensibles.<\/p>\t\t\t\t\t\t\t\t<\/div>\n\t\t\t\t<\/div>\n\t\t\t\t<div class=\"elementor-element elementor-element-d91229a elementor-widget elementor-widget-image\" data-id=\"d91229a\" data-element_type=\"widget\" data-widget_type=\"image.default\">\n\t\t\t\t<div class=\"elementor-widget-container\">\n\t\t\t\t\t\t\t\t\t\t\t\t\t\t\t<img decoding=\"async\" width=\"120\" height=\"38\" src=\"https:\/\/www.hoteldespecheurs.com\/wp-content\/uploads\/2026\/01\/logo.svg\" class=\"attachment-large size-large wp-image-14598\" alt=\"logo_miamo\" \/>\t\t\t\t\t\t\t\t\t\t\t\t\t\t\t<\/div>\n\t\t\t\t<\/div>\n\t\t\t\t\t<\/div>\n\t\t<\/div>\n\t\t\t\t\t<\/div>\n\t\t<\/section>\n\t\t\t\t<section class=\"elementor-section elementor-top-section elementor-element elementor-element-ec13164 elementor-section-boxed elementor-section-height-default elementor-section-height-default\" data-id=\"ec13164\" data-element_type=\"section\">\n\t\t\t\t\t\t<div class=\"elementor-container elementor-column-gap-default\">\n\t\t\t\t\t<div class=\"elementor-column elementor-col-50 elementor-top-column elementor-element elementor-element-9900229\" data-id=\"9900229\" data-element_type=\"column\">\n\t\t\t<div class=\"elementor-widget-wrap elementor-element-populated\">\n\t\t\t\t\t\t<div class=\"elementor-element elementor-element-6547ce1 elementor-hidden-desktop elementor-widget elementor-widget-image\" data-id=\"6547ce1\" data-element_type=\"widget\" data-widget_type=\"image.default\">\n\t\t\t\t<div class=\"elementor-widget-container\">\n\t\t\t\t\t\t\t\t\t\t\t\t\t\t\t<img fetchpriority=\"high\" decoding=\"async\" width=\"1024\" height=\"661\" src=\"https:\/\/www.hoteldespecheurs.com\/wp-content\/uploads\/2024\/11\/DesPecheurs-108SPA-1024x661.jpg\" class=\"attachment-large size-large wp-image-12143\" alt=\"SPA_des_pecheurs\" srcset=\"https:\/\/www.hoteldespecheurs.com\/wp-content\/uploads\/2024\/11\/DesPecheurs-108SPA-1024x661.jpg 1024w, https:\/\/www.hoteldespecheurs.com\/wp-content\/uploads\/2024\/11\/DesPecheurs-108SPA-300x194.jpg 300w, https:\/\/www.hoteldespecheurs.com\/wp-content\/uploads\/2024\/11\/DesPecheurs-108SPA-768x496.jpg 768w, https:\/\/www.hoteldespecheurs.com\/wp-content\/uploads\/2024\/11\/DesPecheurs-108SPA-139x90.jpg 139w, https:\/\/www.hoteldespecheurs.com\/wp-content\/uploads\/2024\/11\/DesPecheurs-108SPA-124x80.jpg 124w, https:\/\/www.hoteldespecheurs.com\/wp-content\/uploads\/2024\/11\/DesPecheurs-108SPA-394x254.jpg 394w, https:\/\/www.hoteldespecheurs.com\/wp-content\/uploads\/2024\/11\/DesPecheurs-108SPA-915x590.jpg 915w, https:\/\/www.hoteldespecheurs.com\/wp-content\/uploads\/2024\/11\/DesPecheurs-108SPA-1240x800.jpg 1240w, https:\/\/www.hoteldespecheurs.com\/wp-content\/uploads\/2024\/11\/DesPecheurs-108SPA.jpg 1280w\" sizes=\"(max-width: 1024px) 100vw, 1024px\" \/>\t\t\t\t\t\t\t\t\t\t\t\t\t\t\t<\/div>\n\t\t\t\t<\/div>\n\t\t\t\t<div class=\"elementor-element elementor-element-8db67e9 elementor-widget elementor-widget-heading\" data-id=\"8db67e9\" data-element_type=\"widget\" data-widget_type=\"heading.default\">\n\t\t\t\t<div class=\"elementor-widget-container\">\n\t\t\t\t\t<h2 class=\"elementor-heading-title elementor-size-default\">SPA Tasting:   <\/h2>\t\t\t\t<\/div>\n\t\t\t\t<\/div>\n\t\t\t\t<div class=\"elementor-element elementor-element-ba84863 elementor-widget elementor-widget-text-editor\" data-id=\"ba84863\" data-element_type=\"widget\" data-widget_type=\"text-editor.default\">\n\t\t\t\t<div class=\"elementor-widget-container\">\n\t\t\t\t\t\t\t\t\tNotre proposition SPA a \u00e9t\u00e9 imagin\u00e9e pour vous faire d\u00e9couvrir certains de nos rituels de bien-\u00eatre embl\u00e9matiques.<br><br>Le forfait comprend :<br><ul> \t<li>1 soin du visage Miamo (30&#8242;)<\/li> \t<li>1 massage <em>deep tissue<\/em> (30&#8242;)<\/li> \t<li>1 s\u00e9ance de r\u00e9flexologie plantaire (30&#8242;)<\/li><\/ul><br>Tarif : 120,00 \u20ac<br>\t\t\t\t\t\t\t\t<\/div>\n\t\t\t\t<\/div>\n\t\t\t\t<div class=\"elementor-element elementor-element-e30dfb3 elementor-widget elementor-widget-button\" data-id=\"e30dfb3\" data-element_type=\"widget\" data-widget_type=\"button.default\">\n\t\t\t\t<div class=\"elementor-widget-container\">\n\t\t\t\t\t\t\t\t\t<div class=\"elementor-button-wrapper\">\n\t\t\t\t\t<a class=\"elementor-button elementor-button-link elementor-size-sm\" href=\"mailto:info@hoteldespecheurs.com\">\n\t\t\t\t\t\t<span class=\"elementor-button-content-wrapper\">\n\t\t\t\t\t\t\t\t\t<span class=\"elementor-button-text\">Demandez maintenant<\/span>\n\t\t\t\t\t<\/span>\n\t\t\t\t\t<\/a>\n\t\t\t\t<\/div>\n\t\t\t\t\t\t\t\t<\/div>\n\t\t\t\t<\/div>\n\t\t\t\t\t<\/div>\n\t\t<\/div>\n\t\t\t\t<div class=\"elementor-column elementor-col-50 elementor-top-column elementor-element elementor-element-e920111 elementor-hidden-tablet elementor-hidden-mobile\" data-id=\"e920111\" data-element_type=\"column\">\n\t\t\t<div class=\"elementor-widget-wrap elementor-element-populated\">\n\t\t\t\t\t\t<div class=\"elementor-element elementor-element-44d7cf8 elementor-widget elementor-widget-image\" data-id=\"44d7cf8\" data-element_type=\"widget\" data-widget_type=\"image.default\">\n\t\t\t\t<div class=\"elementor-widget-container\">\n\t\t\t\t\t\t\t\t\t\t\t\t\t\t\t<img fetchpriority=\"high\" decoding=\"async\" width=\"1024\" height=\"661\" src=\"https:\/\/www.hoteldespecheurs.com\/wp-content\/uploads\/2024\/11\/DesPecheurs-108SPA-1024x661.jpg\" class=\"attachment-large size-large wp-image-12143\" alt=\"SPA_des_pecheurs\" srcset=\"https:\/\/www.hoteldespecheurs.com\/wp-content\/uploads\/2024\/11\/DesPecheurs-108SPA-1024x661.jpg 1024w, https:\/\/www.hoteldespecheurs.com\/wp-content\/uploads\/2024\/11\/DesPecheurs-108SPA-300x194.jpg 300w, https:\/\/www.hoteldespecheurs.com\/wp-content\/uploads\/2024\/11\/DesPecheurs-108SPA-768x496.jpg 768w, https:\/\/www.hoteldespecheurs.com\/wp-content\/uploads\/2024\/11\/DesPecheurs-108SPA-139x90.jpg 139w, https:\/\/www.hoteldespecheurs.com\/wp-content\/uploads\/2024\/11\/DesPecheurs-108SPA-124x80.jpg 124w, https:\/\/www.hoteldespecheurs.com\/wp-content\/uploads\/2024\/11\/DesPecheurs-108SPA-394x254.jpg 394w, https:\/\/www.hoteldespecheurs.com\/wp-content\/uploads\/2024\/11\/DesPecheurs-108SPA-915x590.jpg 915w, https:\/\/www.hoteldespecheurs.com\/wp-content\/uploads\/2024\/11\/DesPecheurs-108SPA-1240x800.jpg 1240w, https:\/\/www.hoteldespecheurs.com\/wp-content\/uploads\/2024\/11\/DesPecheurs-108SPA.jpg 1280w\" sizes=\"(max-width: 1024px) 100vw, 1024px\" \/>\t\t\t\t\t\t\t\t\t\t\t\t\t\t\t<\/div>\n\t\t\t\t<\/div>\n\t\t\t\t\t<\/div>\n\t\t<\/div>\n\t\t\t\t\t<\/div>\n\t\t<\/section>\n\t\t\t\t<section class=\"elementor-section elementor-top-section elementor-element elementor-element-7d35082 elementor-hidden-desktop elementor-hidden-tablet elementor-hidden-mobile elementor-section-boxed elementor-section-height-default elementor-section-height-default\" data-id=\"7d35082\" data-element_type=\"section\">\n\t\t\t\t\t\t<div class=\"elementor-container elementor-column-gap-default\">\n\t\t\t\t\t<div class=\"elementor-column elementor-col-50 elementor-top-column elementor-element elementor-element-44d8be5\" data-id=\"44d8be5\" data-element_type=\"column\">\n\t\t\t<div class=\"elementor-widget-wrap elementor-element-populated\">\n\t\t\t\t\t\t<div class=\"elementor-element elementor-element-0e0526b elementor-widget elementor-widget-heading\" data-id=\"0e0526b\" data-element_type=\"widget\" data-widget_type=\"heading.default\">\n\t\t\t\t<div class=\"elementor-widget-container\">\n\t\t\t\t\t<h2 class=\"elementor-heading-title elementor-size-default\">Yoga - Un r\u00e9veil entre ciel et mer<\/h2>\t\t\t\t<\/div>\n\t\t\t\t<\/div>\n\t\t\t\t<div class=\"elementor-element elementor-element-b84349e elementor-widget elementor-widget-text-editor\" data-id=\"b84349e\" data-element_type=\"widget\" data-widget_type=\"text-editor.default\">\n\t\t\t\t<div class=\"elementor-widget-container\">\n\t\t\t\t\t\t\t\t\t<p data-start=\"0\" data-end=\"155\">Nos s\u00e9ances bihebdomadaires de <strong>yoga<\/strong> sont un rituel d&#8217;harmonie, un dialogue silencieux entre le corps, l&#8217;esprit et la nature.<\/p><br><p data-start=\"157\" data-end=\"317\">Au son des vagues et caress\u00e9s par la brise marine, chaque respiration apporte s\u00e9r\u00e9nit\u00e9 et paix, chaque mouvement est une ode \u00e0 la beaut\u00e9 de l\u2019instant pr\u00e9sent.<\/p>\t\t\t\t\t\t\t\t<\/div>\n\t\t\t\t<\/div>\n\t\t\t\t\t<\/div>\n\t\t<\/div>\n\t\t\t\t<div class=\"elementor-column elementor-col-50 elementor-top-column elementor-element elementor-element-173aa85\" data-id=\"173aa85\" data-element_type=\"column\" data-settings=\"{&quot;background_background&quot;:&quot;classic&quot;}\">\n\t\t\t<div class=\"elementor-widget-wrap elementor-element-populated\">\n\t\t\t\t\t\t<div class=\"elementor-element elementor-element-45a1b63 elementor-widget elementor-widget-video\" data-id=\"45a1b63\" data-element_type=\"widget\" data-settings=\"{&quot;youtube_url&quot;:&quot;https:\\\/\\\/www.youtube.com\\\/watch?v=bGdzBqJTA90&quot;,&quot;start&quot;:9,&quot;end&quot;:80,&quot;autoplay&quot;:&quot;yes&quot;,&quot;play_on_mobile&quot;:&quot;yes&quot;,&quot;mute&quot;:&quot;yes&quot;,&quot;loop&quot;:&quot;yes&quot;,&quot;yt_privacy&quot;:&quot;yes&quot;,&quot;show_image_overlay&quot;:&quot;yes&quot;,&quot;image_overlay&quot;:{&quot;url&quot;:&quot;https:\\\/\\\/www.hoteldespecheurs.com\\\/wp-content\\\/uploads\\\/2025\\\/02\\\/yoga-Corsica.jpg&quot;,&quot;id&quot;:12960,&quot;size&quot;:&quot;&quot;,&quot;alt&quot;:&quot;yoga_corsica&quot;,&quot;source&quot;:&quot;library&quot;},&quot;video_type&quot;:&quot;youtube&quot;,&quot;controls&quot;:&quot;yes&quot;}\" data-widget_type=\"video.default\">\n\t\t\t\t<div class=\"elementor-widget-container\">\n\t\t\t\t\t\t\t<div class=\"elementor-wrapper elementor-open-inline\">\n\t\t\t<div class=\"elementor-video\"><\/div>\t\t\t\t<div class=\"elementor-custom-embed-image-overlay\" style=\"background-image: url(https:\/\/www.hoteldespecheurs.com\/wp-content\/uploads\/2025\/02\/yoga-Corsica.jpg);\">\n\t\t\t\t\t\t\t\t\t\t\t\t\t\t\t\t<div class=\"elementor-custom-embed-play\" role=\"button\" aria-label=\"Play Video about yoga_corsica\" tabindex=\"0\">\n\t\t\t\t\t\t\t<i aria-hidden=\"true\" class=\"eicon-play\"><\/i>\t\t\t\t\t\t<\/div>\n\t\t\t\t\t\t\t\t\t<\/div>\n\t\t\t\t\t<\/div>\n\t\t\t\t\t\t<\/div>\n\t\t\t\t<\/div>\n\t\t\t\t\t<\/div>\n\t\t<\/div>\n\t\t\t\t\t<\/div>\n\t\t<\/section>\n\t\t\t\t<section class=\"elementor-section elementor-top-section elementor-element elementor-element-6e3e4a01 elementor-hidden-desktop elementor-hidden-tablet elementor-hidden-mobile elementor-section-boxed elementor-section-height-default elementor-section-height-default\" data-id=\"6e3e4a01\" data-element_type=\"section\" data-settings=\"{&quot;background_background&quot;:&quot;classic&quot;}\">\n\t\t\t\t\t\t<div class=\"elementor-container elementor-column-gap-default\">\n\t\t\t\t\t<div class=\"elementor-column elementor-col-100 elementor-top-column elementor-element elementor-element-4eab2bbb\" data-id=\"4eab2bbb\" data-element_type=\"column\">\n\t\t\t<div class=\"elementor-widget-wrap\">\n\t\t\t\t\t\t\t<\/div>\n\t\t<\/div>\n\t\t\t\t\t<\/div>\n\t\t<\/section>\n\t\t\t\t<section class=\"elementor-section elementor-top-section elementor-element elementor-element-eb389c7 elementor-section-boxed elementor-section-height-default elementor-section-height-default\" data-id=\"eb389c7\" data-element_type=\"section\">\n\t\t\t\t\t\t<div class=\"elementor-container elementor-column-gap-default\">\n\t\t\t\t\t<div class=\"elementor-column elementor-col-100 elementor-top-column elementor-element elementor-element-3430197\" data-id=\"3430197\" data-element_type=\"column\">\n\t\t\t<div class=\"elementor-widget-wrap\">\n\t\t\t\t\t\t\t<\/div>\n\t\t<\/div>\n\t\t\t\t\t<\/div>\n\t\t<\/section>\n\t\t\t\t<\/div>\n\t\t","protected":false},"excerpt":{"rendered":"<p>SPA et Bien Etre SPA &amp; Miamo Lounge La SPA des P\u00eacheurs est un lieu de renaissance et de d\u00e9tente o\u00f9 se ressourcer et se retrouver. SPA des P\u00eacheurs: Enchantement m\u00e9diterran\u00e9en Les protocoles appliqu\u00e9s dans notre SPA et Miamo Lounge &hellip; <a href=\"https:\/\/www.hoteldespecheurs.com\/fr\/spa\/\">Read More<\/a><\/p>\n","protected":false},"author":1,"featured_media":0,"parent":0,"menu_order":90,"comment_status":"closed","ping_status":"closed","template":"","meta":{"footnotes":""},"class_list":["post-2504","page","type-page","status-publish","hentry"],"_links":{"self":[{"href":"https:\/\/www.hoteldespecheurs.com\/fr\/wp-json\/wp\/v2\/pages\/2504","targetHints":{"allow":["GET"]}}],"collection":[{"href":"https:\/\/www.hoteldespecheurs.com\/fr\/wp-json\/wp\/v2\/pages"}],"about":[{"href":"https:\/\/www.hoteldespecheurs.com\/fr\/wp-json\/wp\/v2\/types\/page"}],"author":[{"embeddable":true,"href":"https:\/\/www.hoteldespecheurs.com\/fr\/wp-json\/wp\/v2\/users\/1"}],"replies":[{"embeddable":true,"href":"https:\/\/www.hoteldespecheurs.com\/fr\/wp-json\/wp\/v2\/comments?post=2504"}],"version-history":[{"count":133,"href":"https:\/\/www.hoteldespecheurs.com\/fr\/wp-json\/wp\/v2\/pages\/2504\/revisions"}],"predecessor-version":[{"id":15579,"href":"https:\/\/www.hoteldespecheurs.com\/fr\/wp-json\/wp\/v2\/pages\/2504\/revisions\/15579"}],"wp:attachment":[{"href":"https:\/\/www.hoteldespecheurs.com\/fr\/wp-json\/wp\/v2\/media?parent=2504"}],"curies":[{"name":"wp","href":"https:\/\/api.w.org\/{rel}","templated":true}]}}