{"id":2867,"date":"2021-01-21T16:50:38","date_gmt":"2021-01-21T16:50:38","guid":{"rendered":"https:\/\/www.hoteldespecheurs.com\/cookie-policy\/"},"modified":"2024-03-29T10:40:42","modified_gmt":"2024-03-29T10:40:42","slug":"cookie-policy","status":"publish","type":"page","link":"https:\/\/www.hoteldespecheurs.com\/fr\/cookie-policy\/","title":{"rendered":"Cookie Policy"},"content":{"rendered":"\n<p>Ti invitiamo a leggere questa pagina che descrive quali tipi di cookie sono utilizzati nel sito. Questa policy fornisce le indicazioni sull&#8217;uso delle informazioni degli utenti.<br><br><strong>I cookie: cosa sono e a cosa servono<\/strong><br><br>I cookie sono piccoli file di testo che i siti visitati dall&#8217;utente inviano e registrano sul suo computer o dispositivo mobile, per essere poi ritrasmessi agli stessi siti alla successiva visita. Grazie ai cookie il sito ricorda le azioni e preferenze dell&#8217;utente in modo che non debbano essere indicate nuovamente quando l&#8217;utente torna a visitare detto sito o naviga da una pagina all&#8217;altra di esso. I cookie, quindi, possono essere usati per eseguire autenticazioni informatiche, monitoraggio di sessioni e memorizzazione di informazioni riguardanti le attivit\u00e0 degli utenti che accedono ad un sito e potrebbero contenere un codice identificativo unico che consente di tenere traccia della navigazione dell&#8217;utente all&#8217;interno del sito stesso per finalit\u00e0 statistiche o pubblicitarie. Nel corso della navigazione su un sito, l&#8217;utente pu\u00f2 ricevere sul suo computer o dispositivo mobile anche cookie di siti o di web server diversi da quello che sta visitando (c.d. cookie di &#8216;terze parti&#8217;). Alcune operazioni non potrebbero essere compiute senza l&#8217;uso dei cookie, che in certi casi sono quindi tecnicamente necessari per lo stesso funzionamento del sito.<br><br>Esistono vari tipi di cookie, a seconda delle loro caratteristiche e funzioni, e questi possono rimanere nel computer o dispositivo mobile dell&#8217;utente per periodi di tempo diversi: c.d. cookie di sessione, che viene automaticamente cancellato alla chiusura del browser; c.d. cookie persistenti, che permangono sull&#8217;apparecchiatura dell&#8217;utente fino ad una scadenza prestabilita.<br><br>In base alla normativa vigente in Italia, per l&#8217;utilizzo dei cookie non sempre \u00e8 richiesto un espresso consenso dell&#8217;utente. In particolare, non richiedono tale consenso i cookie c.d. &#8216;tecnici&#8217;, cio\u00e8 quelli utilizzati al solo fine di effettuare la trasmissione di una comunicazione su una rete di comunicazione elettronica, o nella misura strettamente necessaria per erogare un servizio esplicitamente richiesto dall&#8217;utente. Si tratta di cookie indispensabili per il funzionamento del sito o necessari per eseguire attivit\u00e0 richieste dall&#8217;utente.<br><br>Tra i cookie tecnici, che non richiedono un consenso espresso per il loro utilizzo, il Garante per la protezione dei dati personali italiano (cfr. Prov. Gen. &#8216;Individuazione delle modalit\u00e0 semplificate per l&#8217;informativa e l&#8217;acquisizione del consenso per l&#8217;uso dei cookie &#8211; 8 maggio 2014&#8217; ) ricomprende anche:<br>I &#8216;cookie analytics&#8217; laddove utilizzati direttamente dal gestore del sito per raccogliere informazioni, in forma aggregata, sul numero degli utenti e su come questi visitano il sito stesso.<br>I cookie di navigazione o di sessione (per autenticarsi, per realizzare un acquisto, ecc.).<br>I cookie di funzionalit\u00e0, che permettono all&#8217;utente la navigazione in funzione di una serie di criteri selezionati (ad esempio, la lingua, i prodotti selezionati per l&#8217;acquisto) al fine di migliorare il servizio reso allo stesso.<br>Per i cookie cc.dd. di profilazione, viceversa, cio\u00e8 quelli volti a creare profili relativi all&#8217;utente e utilizzati al fine di inviare messaggi pubblicitari in linea con le preferenze manifestate dallo stesso nell&#8217;ambito della navigazione in rete, \u00e8 richiesto un preventivo consenso dell&#8217;utente.<br><br><strong>Questo Sito utilizza:<\/strong><br>Cookie tecnici, cio\u00e8 di navigazione o sessione e strettamente necessari per il funzionamento del sito o per consentire all&#8217;utente di usufruire dei contenuti e dei servizi da questi richiesti. Cookie analytics, che consentono di comprendere come il sito viene utilizzato dagli utenti. Con questi cookie non vengono raccolte informazioni sull&#8217;identit\u00e0 dell&#8217;utente, n\u00e8 alcun dato personale. Le informazioni sono trattate in forma aggregata ed anonima. Cookie di funzionalit\u00e0, cio\u00e8 utilizzati per attivare specifiche funzionalit\u00e0 del sito e una serie di criteri selezionati (ad esempio, la lingua, i prodotti selezionati per l&#8217;acquisto) al fine di migliorare il servizio reso. Cookie di terze parti, cio\u00e8 cookie di siti o di web server diversi da questo, utilizzati per finalit\u00e0 proprie di dette parti terze.<br><br>Per le ulteriori informazioni sul trattamento dei dati personali di cui all&#8217;art. 13 del D.Lgs. 196\/2003 &#8211; Codice privacy si veda l&#8217;apposita Informativa sulla Privacy.<br><br>L&#8217;utente pu\u00f2 selezionare quali cookie autorizzare anche attraverso le specifiche funzioni del proprio programma di navigazione (c.d. browser): tuttavia, nell&#8217;ipotesi in cui tutti o alcuni dei cookie vengano disabilitati \u00e8 possibile che il sito risulti non consultabile o che alcuni servizi o determinate funzioni del sito non siano disponibili o non funzionino correttamente e\/o l&#8217;utente potrebbe essere costretto a modificare o a inserire manualmente alcune informazioni o preferenze ogni volta che visiter\u00e0 il sito.L&#8217;utente potr\u00e0 bloccare o cancellare (in tutto o in parte) i cookie anche attraverso le specifiche funzioni del proprio browser di navigazione Per avere maggiori informazioni su come impostare le preferenze sull&#8217;uso dei cookie attraverso il proprio browser di navigazione, \u00e8 possibile consultare le relative istruzioni:<br><br>Internet Explorer<br>Firefox<br>Chrome<br>Safari<br>Opera<br><br><strong>Cookie di terze parti<\/strong><br><br>I cookie di profilazione, di terze parti, sono cookie volti a creare profili relativi all&#8217;utente e utilizzati al fine, per esempio, di inviare messaggi pubblicitari in linea con le preferenze manifestate dallo stesso nell&#8217;ambito della sua navigazione in rete.<br><br>Relativamente ai cookie di terze parti, trattasi di cookie di siti o di web server diversi da questo, utilizzati per finalit\u00e0 proprie di dette parti terze. Su detti soggetti e i relativi cookie non possiamo avere uno specifico controllo. Per ottenere informazioni su detti cookie e sulle loro caratteristiche e modalit\u00e0 di funzionamento e prestare il relativo consenso specifico rivolgersi direttamente a dette parti terze:<br><strong>Google Privacy Policy<\/strong><br><strong>Google Cookie Opt-out<\/strong><br><strong>Trip Advisor Cookie Policy<\/strong><br><br>L&#8217;utilizzo di cookie di terze parti pu\u00f2 normalmente essere inibito dall&#8217;utente anche attraverso l&#8217;apposita opzione presente nel proprio programma di navigazione (browser): in merito si vedano le indicazioni sopra riportate.<\/p>\n","protected":false},"excerpt":{"rendered":"<p>Ti invitiamo a leggere questa pagina che descrive quali tipi di cookie sono utilizzati nel sito. Questa policy fornisce le indicazioni sull&#8217;uso delle informazioni degli utenti. I cookie: cosa sono e a cosa servono I cookie sono piccoli file di &hellip; <a href=\"https:\/\/www.hoteldespecheurs.com\/fr\/cookie-policy\/\">Read More<\/a><\/p>\n","protected":false},"author":1,"featured_media":0,"parent":0,"menu_order":71,"comment_status":"closed","ping_status":"open","template":"","meta":{"footnotes":""},"class_list":["post-2867","page","type-page","status-publish","hentry"],"_links":{"self":[{"href":"https:\/\/www.hoteldespecheurs.com\/fr\/wp-json\/wp\/v2\/pages\/2867","targetHints":{"allow":["GET"]}}],"collection":[{"href":"https:\/\/www.hoteldespecheurs.com\/fr\/wp-json\/wp\/v2\/pages"}],"about":[{"href":"https:\/\/www.hoteldespecheurs.com\/fr\/wp-json\/wp\/v2\/types\/page"}],"author":[{"embeddable":true,"href":"https:\/\/www.hoteldespecheurs.com\/fr\/wp-json\/wp\/v2\/users\/1"}],"replies":[{"embeddable":true,"href":"https:\/\/www.hoteldespecheurs.com\/fr\/wp-json\/wp\/v2\/comments?post=2867"}],"version-history":[{"count":1,"href":"https:\/\/www.hoteldespecheurs.com\/fr\/wp-json\/wp\/v2\/pages\/2867\/revisions"}],"predecessor-version":[{"id":2869,"href":"https:\/\/www.hoteldespecheurs.com\/fr\/wp-json\/wp\/v2\/pages\/2867\/revisions\/2869"}],"wp:attachment":[{"href":"https:\/\/www.hoteldespecheurs.com\/fr\/wp-json\/wp\/v2\/media?parent=2867"}],"curies":[{"name":"wp","href":"https:\/\/api.w.org\/{rel}","templated":true}]}}