{"id":9690,"date":"2023-08-01T10:07:13","date_gmt":"2023-08-01T10:07:13","guid":{"rendered":"https:\/\/www.hoteldespecheurs.com\/?page_id=9690"},"modified":"2024-03-29T10:40:37","modified_gmt":"2024-03-29T10:40:37","slug":"fr-vols-directs","status":"publish","type":"page","link":"https:\/\/www.hoteldespecheurs.com\/fr\/fr-vols-directs\/","title":{"rendered":"H\u00f4tel &#038; SPA des P\u00eacheurs, le seul h\u00f4tel sur l&#8217;\u00eele de Cavallo"},"content":{"rendered":"\t\t<div data-elementor-type=\"wp-page\" data-elementor-id=\"9690\" class=\"elementor elementor-9690 elementor-9671\">\n\t\t\t\t\t\t<section class=\"elementor-section elementor-top-section elementor-element elementor-element-3c52c28 elementor-section-full_width elementor-section-height-default elementor-section-height-default\" data-id=\"3c52c28\" data-element_type=\"section\">\n\t\t\t\t\t\t<div class=\"elementor-container elementor-column-gap-default\">\n\t\t\t\t\t<div class=\"elementor-column elementor-col-100 elementor-top-column elementor-element elementor-element-c3934c5\" data-id=\"c3934c5\" data-element_type=\"column\">\n\t\t\t<div class=\"elementor-widget-wrap elementor-element-populated\">\n\t\t\t\t\t\t<div class=\"elementor-element elementor-element-3e7b229 elementor-widget elementor-widget-image\" data-id=\"3e7b229\" data-element_type=\"widget\" data-widget_type=\"image.default\">\n\t\t\t\t<div class=\"elementor-widget-container\">\n\t\t\t\t\t\t\t\t\t\t\t\t\t\t\t<img fetchpriority=\"high\" decoding=\"async\" width=\"1600\" height=\"592\" src=\"https:\/\/www.hoteldespecheurs.com\/wp-content\/uploads\/2023\/08\/img-header.jpg\" class=\"attachment-full size-full wp-image-9678\" alt=\"\" srcset=\"https:\/\/www.hoteldespecheurs.com\/wp-content\/uploads\/2023\/08\/img-header.jpg 1600w, https:\/\/www.hoteldespecheurs.com\/wp-content\/uploads\/2023\/08\/img-header-300x111.jpg 300w, https:\/\/www.hoteldespecheurs.com\/wp-content\/uploads\/2023\/08\/img-header-1024x379.jpg 1024w, https:\/\/www.hoteldespecheurs.com\/wp-content\/uploads\/2023\/08\/img-header-768x284.jpg 768w, https:\/\/www.hoteldespecheurs.com\/wp-content\/uploads\/2023\/08\/img-header-1536x568.jpg 1536w, https:\/\/www.hoteldespecheurs.com\/wp-content\/uploads\/2023\/08\/img-header-270x100.jpg 270w, https:\/\/www.hoteldespecheurs.com\/wp-content\/uploads\/2023\/08\/img-header-216x80.jpg 216w, https:\/\/www.hoteldespecheurs.com\/wp-content\/uploads\/2023\/08\/img-header-394x146.jpg 394w, https:\/\/www.hoteldespecheurs.com\/wp-content\/uploads\/2023\/08\/img-header-915x339.jpg 915w, https:\/\/www.hoteldespecheurs.com\/wp-content\/uploads\/2023\/08\/img-header-1240x459.jpg 1240w\" sizes=\"(max-width: 1600px) 100vw, 1600px\" \/>\t\t\t\t\t\t\t\t\t\t\t\t\t\t\t<\/div>\n\t\t\t\t<\/div>\n\t\t\t\t\t<\/div>\n\t\t<\/div>\n\t\t\t\t\t<\/div>\n\t\t<\/section>\n\t\t\t\t<section class=\"elementor-section elementor-top-section elementor-element elementor-element-57e6963 elementor-section-boxed elementor-section-height-default elementor-section-height-default\" data-id=\"57e6963\" data-element_type=\"section\" id=\"#intro\">\n\t\t\t\t\t\t<div class=\"elementor-container elementor-column-gap-default\">\n\t\t\t\t\t<div class=\"elementor-column elementor-col-100 elementor-top-column elementor-element elementor-element-d72c3ef\" data-id=\"d72c3ef\" data-element_type=\"column\">\n\t\t\t<div class=\"elementor-widget-wrap elementor-element-populated\">\n\t\t\t\t\t\t<div class=\"elementor-element elementor-element-7479382 elementor-widget elementor-widget-heading\" data-id=\"7479382\" data-element_type=\"widget\" data-widget_type=\"heading.default\">\n\t\t\t\t<div class=\"elementor-widget-container\">\n\t\t\t\t\t<h2 class=\"elementor-heading-title elementor-size-default\">Bienvenue sur l'\u00eele de Cavallo<\/h2>\t\t\t\t<\/div>\n\t\t\t\t<\/div>\n\t\t\t\t<div class=\"elementor-element elementor-element-460c835 elementor-widget elementor-widget-text-editor\" data-id=\"460c835\" data-element_type=\"widget\" data-widget_type=\"text-editor.default\">\n\t\t\t\t<div class=\"elementor-widget-container\">\n\t\t\t\t\t\t\t\t\tUne petite \u00eele au plages blanches, baign\u00e9es par la mer crystalline.<br>\r\nDans cette oasis de d\u00e9tente se dresse l&#8217;H\u00f4tel &#038; SPA des P\u00eacheurs, le seul h\u00f4tel de l&#8217;\u00eele accessible par un vol direct vers Olbia ou Figari. \r\n\t\t\t\t\t\t\t\t<\/div>\n\t\t\t\t<\/div>\n\t\t\t\t<div class=\"elementor-element elementor-element-69832da elementor-align-center elementor-widget elementor-widget-button\" data-id=\"69832da\" data-element_type=\"widget\" data-widget_type=\"button.default\">\n\t\t\t\t<div class=\"elementor-widget-container\">\n\t\t\t\t\t\t\t\t\t<div class=\"elementor-button-wrapper\">\n\t\t\t\t\t<a class=\"elementor-button elementor-button-link elementor-size-md\" href=\"https:\/\/www.hoteldespecheurs.com\/fr\/hotel\/\">\n\t\t\t\t\t\t<span class=\"elementor-button-content-wrapper\">\n\t\t\t\t\t\t\t\t\t<span class=\"elementor-button-text\">D\u00e9couvrez l'H\u00f4tel &amp; SPA des P\u00eacheurs<\/span>\n\t\t\t\t\t<\/span>\n\t\t\t\t\t<\/a>\n\t\t\t\t<\/div>\n\t\t\t\t\t\t\t\t<\/div>\n\t\t\t\t<\/div>\n\t\t\t\t\t<\/div>\n\t\t<\/div>\n\t\t\t\t\t<\/div>\n\t\t<\/section>\n\t\t\t\t<section class=\"elementor-section elementor-top-section elementor-element elementor-element-59e9c59 elementor-section-content-middle elementor-section-boxed elementor-section-height-default elementor-section-height-default\" data-id=\"59e9c59\" data-element_type=\"section\">\n\t\t\t\t\t\t<div class=\"elementor-container elementor-column-gap-default\">\n\t\t\t\t\t<div class=\"elementor-column elementor-col-50 elementor-top-column elementor-element elementor-element-8190d1c\" data-id=\"8190d1c\" data-element_type=\"column\">\n\t\t\t<div class=\"elementor-widget-wrap elementor-element-populated\">\n\t\t\t\t\t\t<div class=\"elementor-element elementor-element-e8f1276 elementor-widget elementor-widget-image\" data-id=\"e8f1276\" data-element_type=\"widget\" data-widget_type=\"image.default\">\n\t\t\t\t<div class=\"elementor-widget-container\">\n\t\t\t\t\t\t\t\t\t\t\t\t\t\t\t<img decoding=\"async\" width=\"1024\" height=\"768\" src=\"https:\/\/www.hoteldespecheurs.com\/wp-content\/uploads\/2023\/08\/IMG_5252-1024x768.jpg\" class=\"attachment-large size-large wp-image-9675\" alt=\"\" srcset=\"https:\/\/www.hoteldespecheurs.com\/wp-content\/uploads\/2023\/08\/IMG_5252-1024x768.jpg 1024w, https:\/\/www.hoteldespecheurs.com\/wp-content\/uploads\/2023\/08\/IMG_5252-300x225.jpg 300w, https:\/\/www.hoteldespecheurs.com\/wp-content\/uploads\/2023\/08\/IMG_5252-768x576.jpg 768w, https:\/\/www.hoteldespecheurs.com\/wp-content\/uploads\/2023\/08\/IMG_5252-1536x1152.jpg 1536w, https:\/\/www.hoteldespecheurs.com\/wp-content\/uploads\/2023\/08\/IMG_5252-133x100.jpg 133w, https:\/\/www.hoteldespecheurs.com\/wp-content\/uploads\/2023\/08\/IMG_5252-107x80.jpg 107w, https:\/\/www.hoteldespecheurs.com\/wp-content\/uploads\/2023\/08\/IMG_5252-394x296.jpg 394w, https:\/\/www.hoteldespecheurs.com\/wp-content\/uploads\/2023\/08\/IMG_5252-915x686.jpg 915w, https:\/\/www.hoteldespecheurs.com\/wp-content\/uploads\/2023\/08\/IMG_5252-1240x930.jpg 1240w, https:\/\/www.hoteldespecheurs.com\/wp-content\/uploads\/2023\/08\/IMG_5252-1440x1080.jpg 1440w, https:\/\/www.hoteldespecheurs.com\/wp-content\/uploads\/2023\/08\/IMG_5252.jpg 2000w\" sizes=\"(max-width: 1024px) 100vw, 1024px\" \/>\t\t\t\t\t\t\t\t\t\t\t\t\t\t\t<\/div>\n\t\t\t\t<\/div>\n\t\t\t\t\t<\/div>\n\t\t<\/div>\n\t\t\t\t<div class=\"elementor-column elementor-col-50 elementor-top-column elementor-element elementor-element-dad4f7a\" data-id=\"dad4f7a\" data-element_type=\"column\">\n\t\t\t<div class=\"elementor-widget-wrap elementor-element-populated\">\n\t\t\t\t\t\t<div class=\"elementor-element elementor-element-8c94474 elementor-widget elementor-widget-heading\" data-id=\"8c94474\" data-element_type=\"widget\" data-widget_type=\"heading.default\">\n\t\t\t\t<div class=\"elementor-widget-container\">\n\t\t\t\t\t<p class=\"elementor-heading-title elementor-size-default\">Vols directs depuis la France et la Belgique:<\/p>\t\t\t\t<\/div>\n\t\t\t\t<\/div>\n\t\t\t\t<div class=\"elementor-element elementor-element-a13147a elementor-widget elementor-widget-text-editor\" data-id=\"a13147a\" data-element_type=\"widget\" data-widget_type=\"text-editor.default\">\n\t\t\t\t<div class=\"elementor-widget-container\">\n\t\t\t\t\t\t\t\t\t<span style=\"color: #ae984a;\">Pour OLBIA > \u00c0 quelques heures de vol de:<\/span><br>\r\nNice, Lyon, Marseille, Paris, Bruxelles\t\t\t\t\t\t\t\t<\/div>\n\t\t\t\t<\/div>\n\t\t\t\t<div class=\"elementor-element elementor-element-7bd4b8a elementor-widget elementor-widget-text-editor\" data-id=\"7bd4b8a\" data-element_type=\"widget\" data-widget_type=\"text-editor.default\">\n\t\t\t\t<div class=\"elementor-widget-container\">\n\t\t\t\t\t\t\t\t\t<span style=\"color: #ae984a;\">Pour FIGARI > \u00c0 quelques heures de vol de:<\/span><br>\r\nLyon, Caen, Paris, Nice, Marseille, Nantes\t\t\t\t\t\t\t\t<\/div>\n\t\t\t\t<\/div>\n\t\t\t\t<div class=\"elementor-element elementor-element-e181273 elementor-mobile-align-center elementor-widget elementor-widget-button\" data-id=\"e181273\" data-element_type=\"widget\" data-widget_type=\"button.default\">\n\t\t\t\t<div class=\"elementor-widget-container\">\n\t\t\t\t\t\t\t\t\t<div class=\"elementor-button-wrapper\">\n\t\t\t\t\t<a class=\"elementor-button elementor-button-link elementor-size-md\" href=\"https:\/\/be.synxis.com\/?adult=1&#038;arrive=2023-08-01&#038;bf=HotelandSpadesPecheurs&#038;chain=22402&#038;child=0&#038;currency=EUR&#038;depart=2023-08-02&#038;hotel=78446&#038;level=hotel&#038;locale=fr-FR&#038;rooms=1&#038;src=24C\" target=\"_blank\" rel=\"noopener\">\n\t\t\t\t\t\t<span class=\"elementor-button-content-wrapper\">\n\t\t\t\t\t\t\t\t\t<span class=\"elementor-button-text\">R\u00e9servez vos vacances maintenant<\/span>\n\t\t\t\t\t<\/span>\n\t\t\t\t\t<\/a>\n\t\t\t\t<\/div>\n\t\t\t\t\t\t\t\t<\/div>\n\t\t\t\t<\/div>\n\t\t\t\t\t<\/div>\n\t\t<\/div>\n\t\t\t\t\t<\/div>\n\t\t<\/section>\n\t\t\t\t<\/div>\n\t\t","protected":false},"excerpt":{"rendered":"<p>Bienvenue sur l&#8217;\u00eele de Cavallo Une petite \u00eele au plages blanches, baign\u00e9es par la mer crystalline. Dans cette oasis de d\u00e9tente se dresse l&#8217;H\u00f4tel &#038; SPA des P\u00eacheurs, le seul h\u00f4tel de l&#8217;\u00eele accessible par un vol direct vers Olbia &hellip; <a href=\"https:\/\/www.hoteldespecheurs.com\/fr\/fr-vols-directs\/\">Read More<\/a><\/p>\n","protected":false},"author":7,"featured_media":0,"parent":0,"menu_order":54,"comment_status":"closed","ping_status":"closed","template":"","meta":{"footnotes":""},"class_list":["post-9690","page","type-page","status-publish","hentry"],"_links":{"self":[{"href":"https:\/\/www.hoteldespecheurs.com\/fr\/wp-json\/wp\/v2\/pages\/9690","targetHints":{"allow":["GET"]}}],"collection":[{"href":"https:\/\/www.hoteldespecheurs.com\/fr\/wp-json\/wp\/v2\/pages"}],"about":[{"href":"https:\/\/www.hoteldespecheurs.com\/fr\/wp-json\/wp\/v2\/types\/page"}],"author":[{"embeddable":true,"href":"https:\/\/www.hoteldespecheurs.com\/fr\/wp-json\/wp\/v2\/users\/7"}],"replies":[{"embeddable":true,"href":"https:\/\/www.hoteldespecheurs.com\/fr\/wp-json\/wp\/v2\/comments?post=9690"}],"version-history":[{"count":6,"href":"https:\/\/www.hoteldespecheurs.com\/fr\/wp-json\/wp\/v2\/pages\/9690\/revisions"}],"predecessor-version":[{"id":9732,"href":"https:\/\/www.hoteldespecheurs.com\/fr\/wp-json\/wp\/v2\/pages\/9690\/revisions\/9732"}],"wp:attachment":[{"href":"https:\/\/www.hoteldespecheurs.com\/fr\/wp-json\/wp\/v2\/media?parent=9690"}],"curies":[{"name":"wp","href":"https:\/\/api.w.org\/{rel}","templated":true}]}}